{"id":674,"date":"2018-05-10T12:28:55","date_gmt":"2018-05-10T10:28:55","guid":{"rendered":"http:\/\/www.medbee.eu\/s\/?page_id=674"},"modified":"2025-12-12T14:12:51","modified_gmt":"2025-12-12T13:12:51","slug":"agb","status":"publish","type":"page","link":"https:\/\/medbee.org\/s\/agb\/","title":{"rendered":"AGB"},"content":{"rendered":"<div id=\"pl-674\"  class=\"panel-layout\" ><div id=\"pg-674-0\"  class=\"panel-grid panel-has-style\" ><div class=\"panel-row-style panel-row-style-for-674-0\" ><div id=\"pgc-674-0-0\"  class=\"panel-grid-cell\" ><div id=\"panel-674-0-0-0\" class=\"so-panel widget widget_sow-headline panel-first-child\" data-index=\"0\" ><div class=\"not-bold panel-widget-style panel-widget-style-for-674-0-0-0\" ><div\n\t\t\t\n\t\t\tclass=\"so-widget-sow-headline so-widget-sow-headline-default-6bf602ee547f-674\"\n\t\t\t\n\t\t><div class=\"sow-headline-container \">\n\t\t\t\t\t\t\t<h1 class=\"sow-headline\">\n\t\t\t\t\t\tAGB\t\t\t\t\t\t<\/h1>\n\t\t\t\t\t\t<\/div>\n<\/div><\/div><\/div><div id=\"panel-674-0-0-1\" class=\"so-panel widget widget_sow-editor\" data-index=\"1\" ><div\n\t\t\t\n\t\t\tclass=\"so-widget-sow-editor so-widget-sow-editor-base\"\n\t\t\t\n\t\t>\n<div class=\"siteorigin-widget-tinymce textwidget\">\n\t<p>Springer-Verlag GmbH<br \/>\nPrinz-Eugen-Stra\u00dfe 8-10<br \/>\n1040 Wien<br \/>\nsupport<span hidden=\"\">notspam<\/span>@medbee.org<br \/>\n(im Folgenden kurz: Medbee)<\/p>\n<h2 class=\"not-bold-text\">1. Pr\u00e4ambel<\/h2>\n<p>1.1. F\u00fcr alle Leistungen, die Medbee im Rahmen ihres Online-Dienstes unter der Domain www.medbee.org oder im Rahmen ihrer App Medbee f\u00fcr ihre Kund*innen erbringt (gemeinsam im Folgenden kurz: Dienstleistung), gelten ausschlie\u00dflich die nachfolgenden Nutzungsbedingungen in der jeweils g\u00fcltigen Fassung. Abweichendes gilt nur, wenn dies schriftlich zwischen der Medbee und den Nutzenden der Dienstleistung vereinbart worden ist.<\/p>\n<p>1.2. Mit der Anmeldung als Nutzer*in (im Folgenden \u201eNutzende\u201c) bei Medbee oder mit Nutzung der App akzeptieren Sie diese nachstehenden Nutzungsbedingungen f\u00fcr die Nutzung von Medbee.<\/p>\n<p>1.3. Diese Nutzungsbedingungen gelten f\u00fcr s\u00e4mtliche Eintragungen, die Nutzende im Rahmen der Dienstleistung speichern, ver\u00f6ffentlichen oder Dritten bereitstellen. Davon abweichende Regelungen bed\u00fcrfen der Schriftform.<\/p>\n<h2 class=\"not-bold-text\">2. Leistungsumfang<\/h2>\n<p>2.1. Medbee stellt seinen Nutzenden ein System zur Verf\u00fcgung, das den Nutzenden das Speichern und den Austausch von medizinischem Wissen und Informationen erm\u00f6glicht. Die Nutzenden k\u00f6nnen sich mit anderen Nutzer- und Partnerprofilen (wie medizinische Fachgesellschaften, Institutionen und Industriepartner) vernetzen. Sofern und soweit sich Nutzende mit einem Partnerprofil vernetzen oder einen Partner-Channel abonnieren, k\u00f6nnen die bei ihrer Anmeldung angegebenen Daten (z. B. Name, Fachrichtung, E-Mail-Adresse und Standort) an den jeweiligen Betreiber des Partner-Channels \u00fcbermittelt werden. Die \u00dcbermittlung erfolgt ausschlie\u00dflich zum Zweck der Bereitstellung und Durchf\u00fchrung der jeweiligen Partner-Channel-Leistung, etwa f\u00fcr den Zugang zu Inhalten, die Kommunikation oder eine projektbezogene Betreuung.<\/p>\n<p>2.2. Die Nutzenden nehmen zur Kenntnis, dass Medbee f\u00fcr die Erf\u00fcllung und Bewerbung ihrer Dienstleistung den Nutzenden innerhalb des Dienstes (Chatfunktion) und auch an die von den Nutzenden bereitgestellten E-Mail-Adressen Nachrichten zukommen lassen darf.<\/p>\n<p>2.3. Die Nutzenden nehmen weiters zur Kenntnis, dass, wenn sie sich innerhalb des Dienstes mit anderen Nutzer- oder Partnerprofilen vernetzen, auch von diesen Nachrichten (auch zu Werbezwecken) innerhalb des Dienstes (Chatfunktion) erhalten k\u00f6nnen. Wenn die Nutzenden von einem Nutzer- oder Partnerprofil keine Nachrichten mehr empfangen wollen, k\u00f6nnen sie jederzeit den Kontakt mit dem jeweiligen Nutzer- oder Partnerprofil l\u00f6schen. Die Nutzenden erhalten dann keine weiteren Nachrichten von diesem Nutzer- oder Partnerprofil.<\/p>\n<p>2.4. Der Umfang der Dienstleistung von Medbee ergibt sich aus den jeweils freigegebenen Funktionen im Rahmen der Website oder im Rahmen der App.<\/p>\n<p>2.5. An andere Medbee Nutzende werden keine Daten weitergegeben, es sei denn, die Nutzenden stellen diese durch die Funktion \u201eTeilen\u201c anderen Nutzenden zur Verf\u00fcgung.<\/p>\n<h2 class=\"not-bold-text\">3. Registrierung und Vertragsabschluss von Nutzenden<\/h2>\n<p>3.1. Die Registrierung als Nutzende*r ist nur \u00c4rzten und Medizinstudenten gestattet.<\/p>\n<p>3.2. Die Registrierung der Nutzenden erfolgt online auf der Website www.medbee.org oder in der App Medbee.<\/p>\n<p>3.3. Der Vertrag wird auf unbestimmte Zeit abgeschlossen und kann von jeder Vertragspartei ohne Einhaltung einer K\u00fcndigungsfrist jederzeit schriftlich (per Email) gek\u00fcndigt werden.<\/p>\n<p>3.4. Die Nutzenden haben keinen Anspruch auf Registrierung. Medbee beh\u00e4lt sich das Recht vor, Nutzende ohne Angabe von Gr\u00fcnden nicht zu registrieren und bestehende Nutzende zu l\u00f6schen oder zu sperren. Durch die Registrierung erhalten die Nutzenden keinen Rechtsanspruch auf die Nutzung von Medbee.<\/p>\n<p>3.5. Die Nutzenden d\u00fcrfen sich nur einmal registrieren und nur ein Nutzerprofil anlegen. Sollten sich an den eingegebenen Daten \u00c4nderungen ergeben, verpflichten sich die Nutzenden, diese \u00c4nderungen umgehend bekannt zu geben.<\/p>\n<p>3.6. Die Nutzenden verpflichten sich, ihr Passwort geheim zu halten und das Passwort nicht an Dritte weiterzugeben. Ebenso verpflichtet sich Medbee, das Passwort geheim zu halten. Die Nutzenden sind daher f\u00fcr alle Inhalte verantwortlich, die unter ihren Nutzerprofilen weitergegeben werden.<\/p>\n<p>3.7. Da Medbee nicht in der Lage ist, festzustellen, welche nat\u00fcrliche Person sich hinter einem Nutzerprofil tats\u00e4chlich verbirgt, leistet Medbee keine Gew\u00e4hr f\u00fcr die tats\u00e4chliche Identit\u00e4t seiner Nutzenden.<\/p>\n<h2 class=\"not-bold-text\">4. Rechte und Pflichten der Nutzenden<\/h2>\n<p>4.1 Die Nutzenden verpflichten sich, nach Abschluss des Vertrages, unverz\u00fcglich, sp\u00e4testens aber innerhalb von 14 Tagen, das Vorliegen der Voraussetzungen des Punkt 3.1. durch Bekanntgabe der \u00c4rztenummer oder eines Personalausweises nachzuweisen. Sollten die Nutzenden dieser Verpflichtung nicht fristgerecht nachkommen, beh\u00e4lt sich Medbee das Recht vor, den Vertrag au\u00dferordentlich sofort zu beendigen.<\/p>\n<p>4.2. Die Nutzenden haben keinen Ver\u00f6ffentlichungsanspruch auf die von ihnen bereitgestellten Beitr\u00e4ge. Medbee beh\u00e4lt sich das Recht vor, ohne Angabe von Gr\u00fcnden und ohne Benachrichtigung Inhalte nicht zu ver\u00f6ffentlichen, bzw. bereits ver\u00f6ffentlichte Inhalte wieder von der Website zu nehmen. Die Nutzenden haften daf\u00fcr, dass die von ihnen bereitgestellten Inhalte in keine Wettbewerbs-, Kennzeichen-, Pers\u00f6nlichkeits-, Urheber- oder sonstigen Rechte eines Dritten eingreifen und die Nutzenden die Befugnis haben, den Inhalt im Rahmen von Medbee zu nutzen.<\/p>\n<p>4.3. Die Nutzenden verpflichten sich, keine Inhalte im Rahmen von Medbee zu nutzen, die anst\u00f6\u00dfig, unschicklich, unsittlich oder rassistisch sind; die St\u00f6rung, Unterbrechung oder \u00fcberm\u00e4\u00dfige Belastung von Medbee zur Folge haben; jegliche Art von Gewalt gegen Gruppen oder Personen f\u00f6rdern oder dazu aufrufen oder solche darstellen; nicht jugendfrei sind; Passw\u00f6rter und elektronische Schl\u00fcssel beinhalten, die nicht \u00f6ffentlich sind; andere Nutzende zur Angabe von Passw\u00f6rtern, elektronischen Schl\u00fcssel oder personenbezogenen Daten auffordert; Links zu Webseiten beinhalten, die gegen diese Regeln versto\u00dfen; Informationen und oder Daten \u00fcber den h\u00f6chstpers\u00f6nlichen Lebensbereich von Personen beinhalten; Personen oder Gruppen beleidigen und bedrohen; unwahre Inhalte \u00fcber Personen oder Gruppen beinhalten; von automatischen Scripten oder Programmen (Bots) generiert worden sind; gegen Vertrags- oder sonstige Rechte Dritter versto\u00dfen; die Funktionsf\u00e4higkeit von Hard- und Software beeintr\u00e4chtigen k\u00f6nnten; gegen die geltenden Gesetze und Vorschriften \u00d6sterreichs versto\u00dfen.<\/p>\n<p>4.4. Jede*r Nutzende verpflichtet sich, Medbee f\u00fcr alle Anspr\u00fcche Dritter, die sich auf Inhalte des Nutzenden beziehen, schad- und klaglos zu halten.<\/p>\n<p>4.5. Medbee \u00fcbernimmt keine Haftung f\u00fcr Inhalte, die Nutzende im Rahmen der Dienstleistung verarbeiten, nutzen oder weitergeben.<\/p>\n<p>4.6. Nutzende und Betroffene, die sich durch einen Inhalt in ihren Rechten verletzt f\u00fchlen, k\u00f6nnen diese potenziellen Eingriffe bei Medbee unter der E-Mail-Adresse abuse@medbee.org melden.<\/p>\n<p>4.7 Sind die Nutzenden Verbraucher*innen, das hei\u00dft nat\u00fcrliche Personen, die ein Rechtsgesch\u00e4ft zu Zwecken abschlie\u00dfen, die \u00fcberwiegend weder ihrer gewerblichen noch ihrer selbst\u00e4ndigen beruflichen T\u00e4tigkeit zugerechnet werden k\u00f6nnen, besteht ein gesetzliches Widerrufsrecht, \u00fcber das Medbee wie folgt belehrt:<\/p>\n<\/div>\n<\/div><\/div><div id=\"panel-674-0-0-2\" class=\"so-panel widget widget_sow-editor\" data-index=\"2\" ><div class=\"panel-widget-style panel-widget-style-for-674-0-0-2\" ><div\n\t\t\t\n\t\t\tclass=\"so-widget-sow-editor so-widget-sow-editor-base\"\n\t\t\t\n\t\t>\n<div class=\"siteorigin-widget-tinymce textwidget\">\n\t<p><b>Widerrufsbelehrung <\/b><\/p>\n<p><b>Widerrufsrecht<\/b><\/p>\n<p>Sie haben das Recht, binnen vierzehn Tagen ohne Angabe von Gr\u00fcnden diesen Vertrag zu widerrufen.<\/p>\n<p>Die Widerrufsfrist betr\u00e4gt vierzehn Tage ab dem Tag des Vertragsabschlusses.<\/p>\n<p>Um Ihr Widerrufsrecht auszu\u00fcben, m\u00fcssen Sie uns (Springer-Verlag GmbH, Prinz-Eugen-Stra\u00dfe 8-10, 1040 Wien, Telefon: +43133024150] oder per Email an: support@medbee.org) mittels einer eindeutigen Erkl\u00e4rung (z. B. ein mit der Post versandter Brief oder eine E-Mail) \u00fcber Ihren Entschluss, diesen Vertrag zu widerrufen, informieren. Sie k\u00f6nnen daf\u00fcr das beigef\u00fcgte Muster-Widerrufsformular verwenden, das jedoch nicht vorgeschrieben ist.<\/p>\n<p>Zur Wahrung der Widerrufsfrist reicht es aus, dass Sie die Mitteilung \u00fcber die Aus\u00fcbung des Widerrufsrechts vor Ablauf der Widerrufsfrist absenden.<\/p>\n<p><b>Folgen des Widerrufs<\/b><\/p>\n<p>Wenn Sie diesen Vertrag widerrufen, haben wir Ihnen alle Zahlungen, die wir von Ihnen erhalten haben, einschlie\u00dflich der Lieferkosten (mit Ausnahme der zus\u00e4tzlichen Kosten, die sich daraus ergeben, dass Sie eine andere Art der Lieferung als die von uns angebotene, g\u00fcnstigste Standardlieferung gew\u00e4hlt haben), unverz\u00fcglich und sp\u00e4testens binnen vierzehn Tagen ab dem Tag zur\u00fcckzuzahlen, an dem die Mitteilung \u00fcber Ihren Widerruf dieses Vertrags bei uns eingegangen ist. F\u00fcr diese R\u00fcckzahlung verwenden wir dasselbe Zahlungsmittel, das Sie bei der urspr\u00fcnglichen Transaktion eingesetzt haben, es sei denn, mit Ihnen wurde ausdr\u00fccklich etwas anderes vereinbart; in keinem Fall werden Ihnen wegen dieser R\u00fcckzahlung Entgelte berechnet.<\/p>\n<p><b>Muster-Widerrufsformular<\/b><\/p>\n<p>(Wenn Sie den Vertrag widerrufen wollen, dann f\u00fcllen Sie bitte dieses Formular aus und senden Sie es zur\u00fcck.)<\/p>\n<p>An Springer-Verlag GmbH, Prinz-Eugen-Stra\u00dfe 8-10, 1040 Wien, oder per Email an: support@medbee.org (<a href=\"mailto:support@medbee.org?subject=Widerrufsformular&amp;body=Hiermit%20widerrufe(n)%20ich%2Fwir%20(*)%20den%20von%20mir%2Funs%20(*)%20abgeschlossenen%20Vertrag%20%C3%BCber%20den%20Kauf%20der%0D%0AFolgenden%20Waren%20(*)%2Fdie%20Erbringung%20der%20folgenden%20Dienstleistung%20(*)%0D%0A%0D%0ABestellt%20am%20(*)%2Ferhalten%20am%20(*)%3A%0D%0A%0D%0AName%20des%2Fder%20Verbraucher(s)%3A%0D%0A%0D%0AAnschrift%20des%2Fder%20Verbraucher(s)%3A%0D%0A%0D%0ADatum%3A%0D%0A%0D%0A(*)%20Unzutreffendes%20l%C3%B6schen.\">Email Formular<\/a>)<\/p>\n<p><em>Hiermit widerrufe(n) ich\/wir (*) den von mir\/uns (*) abgeschlossenen Vertrag \u00fcber den Kauf der<\/p>\n<p>Folgenden Waren (*)\/die Erbringung der folgenden Dienstleistung (*)<\/p>\n<p>Bestellt am (*)\/erhalten am (*)<\/p>\n<p>Name des\/der Verbraucher(s)<\/p>\n<p>Anschrift des\/der Verbraucher(s)<\/p>\n<p>Unterschrift des\/der Verbraucher(s) (nur bei Mitteilung auf Papier)<\/p>\n<p>Datum<\/em><\/p>\n<p>(*) Unzutreffendes streichen.<\/p>\n<\/div>\n<\/div><\/div><\/div><div id=\"panel-674-0-0-3\" class=\"so-panel widget widget_sow-editor\" data-index=\"3\" ><div\n\t\t\t\n\t\t\tclass=\"so-widget-sow-editor so-widget-sow-editor-base\"\n\t\t\t\n\t\t>\n<div class=\"siteorigin-widget-tinymce textwidget\">\n\t<h2 class=\"not-bold-text\">5. Gew\u00e4hrleistungs- und Haftungsausschluss<\/h2>\n<p>5.1. Medbee haftet weder f\u00fcr die Verf\u00fcgbarkeit des Dienstes von Medbee noch f\u00fcr eigene Handlungen und die von Erf\u00fcllungsgehilfen (mit Ausnahme von Personensch\u00e4den oder Sch\u00e4den, die auf einer schuldhaften Verletzung wesentlicher Vertragspflichten - so genannter Kardinalpflichten - beruhen), wenn diese nicht grob fahrl\u00e4ssig oder vors\u00e4tzlich verschuldet wurden. Bei Verletzung einer Kardinalpflicht ist die Haftung - soweit der Schaden lediglich auf leichter Fahrl\u00e4ssigkeit beruht und nicht Leib, Leben oder Gesundheit betrifft - beschr\u00e4nkt auf solche Sch\u00e4den, mit deren Entstehung im Rahmen der Erbringung von Leistungen wie der vertragsgegenst\u00e4ndlichen Leistungen typischerweise und vorhersehbarerweise gerechnet werden muss. Die Haftung von Medbee f\u00fcr Datenverlust oder Besch\u00e4digungen am jeweiligen Endger\u00e4t sowie an den jeweiligen Daten ist ausgeschlossen. Der Ersatz von Sch\u00e4den aller Art aus Anspr\u00fcchen Dritter ist ausgeschlossen. Die bereitgestellten Inhalte werden weder gepr\u00fcft noch kontrolliert.<\/p>\n<p>5.2. Medbee haftet weder f\u00fcr die Speicherung, die \u00dcbermittlung, noch die korrekte Darstellung der von den Nutzenden bereitgestellten Inhalte. Weiters \u00fcbernimmt Medbee keine Haftung f\u00fcr Aktualit\u00e4t, Korrektheit oder Qualit\u00e4t der dargestellten Inhalte.<\/p>\n<h2 class=\"not-bold-text\">6. Gerichtsstand<\/h2>\n<p>6.1. Es gilt \u00f6sterreichisches Recht. Das UN Kaufrecht ist ausgeschlossen. F\u00fcr Streitigkeiten ist das f\u00fcr die Innere Stadt Wien sachlich zust\u00e4ndige Gericht anzurufen.<\/p>\n<h2 class=\"not-bold-text\">7. Ger\u00e4teberechtigungen<\/h2>\n<p>7.1. Die App nutzt ausschlie\u00dflich die vom Betriebssystem des Endger\u00e4ts bereitgestellten Funktionen (APIs) in der vom Betriebssystem vorgeschriebenen Weise.<\/p>\n<p>7.2. Die App ben\u00f6tigt einen Zugriff auf das Internet, um Daten direkt abzurufen und den Nutzenden bereitzustellen. Die Verarbeitung und Aufbereitung der Daten erfolgt durch die  Infrastruktur von Medbee.<\/p>\n<p>7.3 Die App nutzt Push-Notifications. Dies erm\u00f6glicht eine Information aus der App direkt auf dem Endger\u00e4t der Nutzenden darzustellen.<\/p>\n<h2 class=\"not-bold-text\">8. Datenschutzbestimmung<\/h2>\n<p>8.1. Alle Hinweise zum Datenschutz erhalten die Nutzenden unter <a href=\"https:\/\/medbee.org\/s\/datenschutzerklaerung\/\">https:\/\/medbee.org\/s\/datenschutzerklaerung\/<\/a><\/p>\n<h2 class=\"not-bold-text\">9. Au\u00dfergerichtliche Streitbeilegung<\/h2>\n<p>Medbee nimmt nicht an einem Streitbeilegungsverfahren vor einer Verbraucherschlichtungsstelle teil. Gem\u00e4\u00df der EU-Verordnung Nr. 524\/2013 sind wir jedoch verpflichtet, darauf hinzuweisen, dass die Europ\u00e4ische Kommission eine Plattform zur Online-Streitbeilegung bereitstellt, die unter <a href=\"https:\/\/ec.europa.eu\/consumers\/odr\/\">https:\/\/ec.europa.eu\/consumers\/odr\/<\/a> erreichbar ist.<\/p>\n<h2 class=\"not-bold-text\">10. Inhaltsmoderation und Nutzungsregeln<\/h2>\n<p>(Angaben gema\u0308\u00df Art. 14 Verordnung (EU) 2022\/2065 \u2013 Digital Services Act)<\/p>\n<h3 class=\"not-bold-text\">10.1. Geltungsbereich<\/h3>\n<p>Diese Regeln gelten fu\u0308r alle nutzergenerierten Inhalte auf medbee, insbesondere fu\u0308r Kommentare, Diskussionsbeitra\u0308ge und andere Formen der Interaktion zwischen Nutzer:innen.<\/p>\n<h3 class=\"not-bold-text\">10.2. Verbotene Inhalte<\/h3>\n<p>Folgende Inhalte sind auf medbee nicht gestattet:<\/p>\n<p>a) Rechtswidrige Inhalte<\/p>\n<ul>\n<li>Inhalte, die gegen geltendes o\u0308sterreichisches oder EU-Recht versto\u00dfen<\/li>\n<li>Inhalte, die Straftatbesta\u0308nde erfu\u0308llen (z.B. Verhetzung, Verleumdung, Betrug)<\/li>\n<li>Urheberrechtsverletzungen<\/li>\n<\/ul>\n<p>b) Medizinisch bedenkliche Inhalte<\/p>\n<ul>\n<li>Medizinische Falschinformationen, die Patient:innen gefa\u0308hrden ko\u0308nnten<\/li>\n<li>Werbung fu\u0308r nicht zugelassene Arzneimittel oder Therapien<\/li>\n<li>Inhalte, die gegen a\u0308rztliche Berufsordnungen versto\u00dfen<\/li>\n<\/ul>\n<p>c) Gemeinschaftssch\u00e4dliche Inhalte<\/p>\n<ul>\n<li>Beleidigungen, Beschimpfungen oder pers\u00f6nliche Angriffe<\/li>\n<li>Diskriminierung aufgrund von Geschlecht, Herkunft, Religion, sexueller Orientierung oder anderer gesch\u00fctzter Merkmale<\/li>\n<li>Spam, unerw\u00fcnschte Werbung oder wiederholtes Posten gleicher Inhalte<\/li>\n<li>Identit\u00e4tsmissbrauch oder Vort\u00e4uschung falscher Qualifikationen<\/li>\n<\/ul>\n<p>d) Sicherheitsrelevante Inhalte<\/p>\n<ul>\n<li>Gewaltandrohungen oder Aufrufe zu Gewalt<\/li>\n<li>Inhalte, die Minderj\u00e4hrige gef\u00e4hrden<\/li>\n<li>Terroristische Inhalte oder Verherrlichung von Gewalt<\/li>\n<\/ul>\n<h3 class=\"not-bold-text\">10.3. Moderationsverfahren<\/h3>\n<p>10.3.1 Wie wir Inhalte \u00fcberpr\u00fcfen<\/p>\n<p>medbee verwendet folgende Methoden zur Inhaltsmoderation:<\/p>\n<ul>\n<li>Manuelle \u00dcberpr\u00fcfung: Gemeldete Inhalte werden von geschulten Mitarbeiter:innen gepr\u00fcft und bewertet.<\/li>\n<li>Nutzer:innenmeldungen: Nutzer:innen k\u00f6nnen problematische Inhalte \u00fcber dsa-complaints<span hidden=\"\">notspam<\/span>@medbee.org melden.<\/li>\n<\/ul>\n<p>10.3.2 Bearbeitungszeiten<\/p>\n<ul>\n<li>Standardmeldungen: Bearbeitung innerhalb von 7 Werktagen<\/li>\n<li>Dringende F\u00e4lle (z.B. Gewaltandrohungen): Bearbeitung innerhalb von 24-48 Stunden<\/li>\n<li>Beh\u00f6rdliche Anordnungen: Gem\u00e4\u00df den in der Anordnung genannten Fristen<\/li>\n<\/ul>\n<h3 class=\"not-bold-text\">10.4. M\u00f6gliche Ma\u00dfnahmen<\/h3>\n<p>Bei Verst\u00f6\u00dfen gegen diese Regeln kann medbee folgende Ma\u00dfnahmen ergreifen:<\/p>\n<p>a) Bezogen auf Inhalte:<\/p>\n<ul>\n<li>Entfernung des betroffenen Inhalts<\/li>\n<li>Einschr\u00e4nkung der Sichtbarkeit (z.B. Ausblenden f\u00fcr bestimmte Nutzer:innengruppen)<\/li>\n<li>Kennzeichnung des Inhalts mit einem Warnhinweis<\/li>\n<\/ul>\n<p>b) Bezogen auf Nutzer:innenkonten:<\/p>\n<ul>\n<li>Verwarnung<\/li>\n<li>Vor\u00fcbergehende Einschr\u00e4nkung bestimmter Funktionen (z.B. Kommentieren)<\/li>\n<li>Vor\u00fcbergehende Sperrung des Kontos<\/li>\n<li>Dauerhafte Sperrung des Kontos (bei schweren oder wiederholten Verst\u00f6\u00dfen)<\/li>\n<\/ul>\n<p>Die gew\u00e4hlte Ma\u00dfnahme richtet sich nach der Schwere des Versto\u00dfes, etwaigen fr\u00fcheren Verst\u00f6\u00dfen und den Umst\u00e4nden des Einzelfalls.<\/p>\n<h3 class=\"not-bold-text\">10.5. Begr\u00fcndung von Entscheidungen<\/h3>\n<p>Wenn medbee Ma\u00dfnahmen gegen Ihre Inhalte oder Ihr Konto ergreift, werden Sie dar\u00fcber informiert. Die Mitteilung enth\u00e4lt:<\/p>\n<ul>\n<li>Welche Ma\u00dfnahme ergriffen wurde<\/li>\n<li>Welcher Inhalt betroffen ist<\/li>\n<li>Die Begr\u00fcndung (Rechtsgrundlage oder verletzte Nutzungsbedingung)<\/li>\n<li>Ihre M\u00f6glichkeiten zur Anfechtung<\/li>\n<\/ul>\n<p>Ausnahme: Bei beh\u00f6rdlichen Anordnungen, die eine Benachrichtigung untersagen, oder bei schweren Straftaten kann die Benachrichtigung unterbleiben oder verz\u00f6gert werden.<\/p>\n<h3 class=\"not-bold-text\">10.6. Meldung rechtswidriger Inhalte<\/h3>\n<p>Wenn Sie Inhalte auf medbee f\u00fcr rechtswidrig halten, k\u00f6nnen Sie diese melden:<br \/>\nE-Mail: dsa-complaints<span hidden=\"\">notspam<\/span>@medbee.org<\/p>\n<p>Ihre Meldung sollte enthalten:<\/p>\n<ul>\n<li>Eine Beschreibung des gemeldeten Inhalts oder einen Link dazu<\/li>\n<li>Die Gr\u00fcnde, warum Sie den Inhalt f\u00fcr rechtswidrig halten<\/li>\n<li>Ihre Kontaktdaten f\u00fcr R\u00fcckfragen (optional, aber empfohlen)<\/li>\n<\/ul>\n<p>Sie erhalten eine Eingangsbest\u00e4tigung. \u00dcber das Ergebnis der \u00dcberpr\u00fcfung werden Sie informiert, sofern Sie Kontaktdaten angegeben haben.<\/p>\n<h3 class=\"not-bold-text\">10.7. Anfechtung von Entscheidungen<\/h3>\n<p>Wenn Sie mit einer Moderationsentscheidung nicht einverstanden sind, k\u00f6nnen Sie diese anfechten:<br \/>\nE-Mail: dsa-support<span hidden=\"\">notspam<\/span>@medbee.org<br \/>\nBetreff: <em>Anfechtung Moderationsentscheidung - [Ihre Referenznummer]<\/em><br \/>\nBitte erl\u00e4utern Sie, warum Sie die Entscheidung f\u00fcr falsch halten. Wir werden Ihren Einwand pr\u00fcfen und Sie \u00fcber das Ergebnis informieren.<\/p>\n<h3 class=\"not-bold-text\">10.8. Kontakt<\/h3>\n<p>Bei Fragen zu diesen Regeln oder zur Inhaltsmoderation:<br \/>\nE-Mail: dsa-support<span hidden=\"\">notspam<\/span>@medbee.org<br \/>\nF\u00fcr beh\u00f6rdliche Anfragen:<br \/>\nE-Mail: dsa-authorities<span hidden=\"\">notspam<\/span>@medbee.org<\/p>\n<h2 class=\"not-bold-text\">Pharmakovigilanzhinweis<\/h2>\n<p>Nutzer:innen, die Angeh\u00f6rige eines Gesundheitsberufs sind (insbesondere \u00c4rzt:innen, Apotheker:innen oder Pflegefachkr\u00e4fte), bleiben allein daf\u00fcr verantwortlich, ihren gesetzlichen Verpflichtungen zur Meldung von unerw\u00fcnschten Arzneimittelwirkungen gem\u00e4\u00df \u00a7 75 ff AMG (\u00d6sterreich), oder \u00a7 63a ff AMG (Deutschland) bzw. vergleichbarer berufsrechtlicher Vorschriften nachzukommen.<\/p>\n<p>Der Betreiber der Plattform \u00fcbernimmt keine Pharmakovigilanzfunktionen und ist nicht verpflichtet, Nebenwirkungsberichte, die durch Nutzer:innen eingestellt oder diskutiert werden, zu erfassen, zu pr\u00fcfen oder an Beh\u00f6rden weiterzuleiten. Es liegt daher in der ausschlie\u00dflichen Verantwortung der jeweiligen Fachpersonen, allf\u00e4llige Meldungen eigenst\u00e4ndig und fristgerecht \u00fcber die vorgesehenen beh\u00f6rdlichen Kan\u00e4le vorzunehmen.<\/p>\n<\/div>\n<\/div><\/div><div id=\"panel-674-0-0-4\" class=\"so-panel widget widget_sow-editor panel-last-child\" data-index=\"4\" ><div\n\t\t\t\n\t\t\tclass=\"so-widget-sow-editor so-widget-sow-editor-base\"\n\t\t\t\n\t\t>\n<div class=\"siteorigin-widget-tinymce textwidget\">\n\t<p>Stand: 12.12.2025<\/p>\n<\/div>\n<\/div><\/div><\/div><\/div><\/div><\/div>","protected":false},"excerpt":{"rendered":"<p>Springer-Verlag GmbH Prinz-Eugen-Stra\u00dfe 8-10 1040 Wien supportnotspam@medbee.org (im Folgenden kurz: Medbee) 1. Pr\u00e4ambel 1.1. F\u00fcr alle Leistungen, die Medbee im Rahmen ihres Online-Dienstes unter der Domain www.medbee.org oder im Rahmen ihrer App Medbee f\u00fcr ihre Kund*innen erbringt (gemeinsam im Folgenden kurz: Dienstleistung), gelten ausschlie\u00dflich die nachfolgenden Nutzungsbedingungen in der jeweils g\u00fcltigen Fassung. Abweichendes gilt nur, [&hellip;]<\/p>\n","protected":false},"author":2,"featured_media":0,"parent":0,"menu_order":0,"comment_status":"closed","ping_status":"closed","template":"","meta":{"footnotes":""},"class_list":["post-674","page","type-page","status-publish","hentry","post"],"_links":{"self":[{"href":"https:\/\/medbee.org\/s\/wp-json\/wp\/v2\/pages\/674","targetHints":{"allow":["GET"]}}],"collection":[{"href":"https:\/\/medbee.org\/s\/wp-json\/wp\/v2\/pages"}],"about":[{"href":"https:\/\/medbee.org\/s\/wp-json\/wp\/v2\/types\/page"}],"author":[{"embeddable":true,"href":"https:\/\/medbee.org\/s\/wp-json\/wp\/v2\/users\/2"}],"replies":[{"embeddable":true,"href":"https:\/\/medbee.org\/s\/wp-json\/wp\/v2\/comments?post=674"}],"version-history":[{"count":89,"href":"https:\/\/medbee.org\/s\/wp-json\/wp\/v2\/pages\/674\/revisions"}],"predecessor-version":[{"id":5490,"href":"https:\/\/medbee.org\/s\/wp-json\/wp\/v2\/pages\/674\/revisions\/5490"}],"wp:attachment":[{"href":"https:\/\/medbee.org\/s\/wp-json\/wp\/v2\/media?parent=674"}],"curies":[{"name":"wp","href":"https:\/\/api.w.org\/{rel}","templated":true}]}}