{"id":5313,"date":"2025-10-03T20:40:40","date_gmt":"2025-10-03T18:40:40","guid":{"rendered":"https:\/\/medbee.org\/s\/?page_id=5313"},"modified":"2026-02-25T17:39:00","modified_gmt":"2026-02-25T16:39:00","slug":"dfp-punkte","status":"publish","type":"page","link":"https:\/\/medbee.org\/s\/dfp-punkte\/","title":{"rendered":"DFP-Punkte"},"content":{"rendered":"<div id=\"pl-5313\"  class=\"panel-layout\" ><div id=\"pg-5313-0\"  class=\"panel-grid panel-has-style\" ><div class=\"siteorigin-panels-stretch panel-row-style panel-row-style-for-5313-0\" data-stretch-type=\"full-width-stretch\" ><div id=\"pgc-5313-0-0\"  class=\"panel-grid-cell\" ><div id=\"panel-5313-0-0-0\" class=\"so-panel widget widget_sow-hero panel-first-child panel-last-child\" data-index=\"0\" ><div class=\"hero-align-left hero-height panel-widget-style panel-widget-style-for-5313-0-0-0\" ><div\n\t\t\t\n\t\t\tclass=\"so-widget-sow-hero so-widget-sow-hero-default-b1b3b443860d-5313 so-widget-fittext-wrapper\"\n\t\t\t data-fit-text-compressor=\"0.65\"\n\t\t>\t\t\t\t<div class=\"sow-slider-base\" style=\"display: none\" tabindex=\"0\">\n\t\t\t\t\t<ul\n\t\t\t\t\tclass=\"sow-slider-images\"\n\t\t\t\t\tdata-settings=\"{&quot;pagination&quot;:true,&quot;speed&quot;:800,&quot;timeout&quot;:8000,&quot;paused&quot;:false,&quot;pause_on_hover&quot;:false,&quot;swipe&quot;:true,&quot;nav_always_show_desktop&quot;:&quot;&quot;,&quot;nav_always_show_mobile&quot;:&quot;&quot;,&quot;breakpoint&quot;:&quot;780px&quot;,&quot;unmute&quot;:false,&quot;anchor&quot;:null}\"\n\t\t\t\t\tstyle=\"min-height: 700px\"\t\t\t\t\tdata-anchor-id=\"\"\n\t\t\t\t>\t\t<li class=\"sow-slider-image  sow-slider-image-cover\" style=\"visibility: visible;;background-color: #727272\" >\n\t\t\t\t\t<div class=\"sow-slider-image-container\">\n\t\t\t<div class=\"sow-slider-image-wrapper\">\n\t\t\t\t<h1 style=\"line-height: 1.1\">DFP-Punkte Online-Test mit medbee<\/h1>\n<p>Einfach von Zuhause aus DFP-Punkte sammeln.<\/p>\n\n<div class=\"sow-hero-buttons\" ><div\n\t\t\t\n\t\t\tclass=\"so-widget-sow-button so-widget-sow-button-flat-1e03c3edea87\"\n\t\t\t\n\t\t><div class=\"ow-button-base ow-button-align-center\"\n>\n\t\t\t<a\n\t\t\t\t\thref=\"https:\/\/medbee.org\/sign_up\"\n\t\t\t\t\tclass=\"sowb-button ow-icon-placement-left ow-button-hover\" \t>\n\t\t<span>\n\t\t\t\n\t\t\tRegistrieren und DFP-Punkte sammeln\t\t<\/span>\n\t\t\t<\/a>\n\t<\/div>\n<\/div><\/div>\t\t\t<\/div>\n\t\t<\/div>\n\t\t<div class=\"sow-slider-image-overlay sow-slider-image-cover\" style=\"opacity: 0.75;background-image: url(https:\/\/medbee.org\/s\/wp-content\/uploads\/2020\/08\/image_dfp.jpg)\"  ><\/div>\t\t<\/li>\n\t\t<\/ul>\t\t\t\t<ol class=\"sow-slider-pagination\">\n\t\t\t\t\t\t\t\t\t\t\t<li><a href=\"#\" data-goto=\"0\" aria-label=\"Display slide 1\"><\/a><\/li>\n\t\t\t\t\t\t\t\t\t<\/ol>\n\n\t\t\t\t<div class=\"sow-slide-nav sow-slide-nav-next\">\n\t\t\t\t\t<a href=\"#\" data-goto=\"next\" aria-label=\"Next slide\" data-action=\"next\">\n\t\t\t\t\t\t<em class=\"sow-sld-icon-ultra-thin-right\"><\/em>\n\t\t\t\t\t<\/a>\n\t\t\t\t<\/div>\n\n\t\t\t\t<div class=\"sow-slide-nav sow-slide-nav-prev\">\n\t\t\t\t\t<a href=\"#\" data-goto=\"previous\" aria-label=\"Previous slide\" data-action=\"prev\">\n\t\t\t\t\t\t<em class=\"sow-sld-icon-ultra-thin-left\"><\/em>\n\t\t\t\t\t<\/a>\n\t\t\t\t<\/div>\n\t\t\t\t<\/div><\/div><\/div><\/div><\/div><\/div><\/div><div id=\"pg-5313-1\"  class=\"panel-grid panel-has-style\" ><div class=\"siteorigin-panels-stretch panel-row-style panel-row-style-for-5313-1\" data-stretch-type=\"full\" ><div id=\"pgc-5313-1-0\"  class=\"panel-grid-cell\" ><div id=\"panel-5313-1-0-0\" class=\"so-panel widget widget_sow-editor panel-first-child\" data-index=\"1\" ><div class=\"panel-widget-style panel-widget-style-for-5313-1-0-0\" ><div\n\t\t\t\n\t\t\tclass=\"so-widget-sow-editor so-widget-sow-editor-base\"\n\t\t\t\n\t\t>\n<div class=\"siteorigin-widget-tinymce textwidget\">\n\t<p>Frischen Sie Ihr Wissen mit Hilfe von medbee Pocketcards auf und absolvieren Sie ausgew\u00e4hlte DFP-Punkte Online-Tests. Egal ob am Sofa oder im Office, Sie k\u00f6nnen bequem Ihren Wissensstand vom PC aus \u00fcberpr\u00fcfen. So geht Weiterbildung!<\/p>\n<\/div>\n<\/div><\/div><\/div><div id=\"panel-5313-1-0-1\" class=\"so-panel widget widget_sow-headline panel-last-child\" data-index=\"2\" ><div class=\"not-bold panel-widget-style panel-widget-style-for-5313-1-0-1\" ><div\n\t\t\t\n\t\t\tclass=\"so-widget-sow-headline so-widget-sow-headline-default-83872680b41f-5313\"\n\t\t\t\n\t\t><div class=\"sow-headline-container \">\n\t\t\t\t\t\t\t<h2 class=\"sow-headline\">\n\t\t\t\t\t\tSichern Sie sich diese DFP-Punkte\t\t\t\t\t\t<\/h2>\n\t\t\t\t\t\t<\/div>\n<\/div><\/div><\/div><\/div><\/div><\/div><div id=\"pg-5313-2\"  class=\"panel-grid panel-has-style\" ><div class=\"siteorigin-panels-stretch panel-row-style panel-row-style-for-5313-2\" data-stretch-type=\"full\" ><div id=\"pgc-5313-2-0\"  class=\"panel-grid-cell\" ><div id=\"panel-5313-2-0-0\" class=\"so-panel widget widget_sow-editor panel-first-child panel-last-child\" data-index=\"3\" ><div class=\"panel-widget-style panel-widget-style-for-5313-2-0-0\" ><div\n\t\t\t\n\t\t\tclass=\"so-widget-sow-editor so-widget-sow-editor-base\"\n\t\t\t\n\t\t>\n<div class=\"siteorigin-widget-tinymce textwidget\">\n\t<ul class=\"dfp-list\">\n<li><a href=\"https:\/\/medbee.org\/admin\/links\/cf312799-1c66-0a1c-1ecf-4e54aca6ce7a\">Alzheimer-Demenz und kognitive St\u00f6rungen<\/a>\n<div>1<br \/><span>DFP-Punkt<\/span><\/div>\n<\/li>\n<li><a href=\"https:\/\/lernwelt.arztakademie.at\/evaluate\/org\/44238808\/courses\/view-event?item_id=71395930\">Adipositas<\/a>\n<div>3<br \/><span>DFP-Punkte<\/span><\/div>\n<\/li>\n<li><a href=\"https:\/\/learn.meindfp.at\/evaluate\/org\/44238808\/courses\/view-event?item_id=70596238\">Management der Alopecia areata<\/a>\n<div>2<br \/><span>DFP-Punkte<\/span><\/div>\n<\/li>\n<li><a href=\"https:\/\/learn.meindfp.at\/evaluate\/org\/44238808\/courses\/view-event?item_id=69725447\">Axiale Spondylarthritis - Diagnostik und Management<\/a>\n<div>2<br \/><span>DFP-Punkte<\/span><\/div>\n<\/li>\n<li><a href=\"https:\/\/learn.meindfp.at\/evaluate\/org\/44238808\/courses\/view-event?item_id=70008294\">Therapie der Psoriasisarthritis<\/a>\n<div>1<br \/><span>DFP-Punkt<\/span><\/div>\n<\/li>\n<li><a href=\"https:\/\/learn.meindfp.at\/evaluate\/org\/44238808\/courses\/view-event?item_id=69672145\">Lipidmanagement bei kardiovaskul\u00e4ren Erkrankungen<\/a>\n<div>2<br \/><span>DFP-Punkte<\/span><\/div>\n<\/li>\n<li><a href=\"https:\/\/learn.meindfp.at\/evaluate\/org\/44238808\/courses\/view-event?item_id=70214292\">E-Learning Management der atopischen Dermatitis<\/a>\n<div>3<br \/><span>DFP-Punkte<\/span><\/div>\n<\/li>\n<li><a href=\"https:\/\/learn.meindfp.at\/evaluate\/org\/44238808\/courses\/view-event?item_id=69931175\">Management der Arteriellen Hypertonie entsprechend der 2024 ESC Leitlinie<\/a>\n<div>3<br \/><span>DFP-Punkte<\/span><\/div>\n<\/li>\n<li><a href=\"https:\/\/learn.meindfp.at\/evaluate\/org\/44238808\/courses\/view-event?item_id=68929923\">Herzinsuffizienz \u2013 Diagnostik und Therapie<\/a>\n<div>3<br \/><span>DFP-Punkte<\/span><\/div>\n<\/li>\n<li><a href=\"https:\/\/learn.meindfp.at\/evaluate\/org\/44238808\/courses\/view-event?item_id=67901918\">Chronischer Husten \u2013 Diagnostik und Therapie<\/a>\n<div>2<br \/><span>DFP-Punkte<\/span><\/div>\n<\/li>\n<li><a href=\"https:\/\/learn.meindfp.at\/evaluate\/org\/44238808\/courses\/view-event?item_id=67239647\">Pulmonale Hypertonie \u2013 Diagnostik<\/a>\n<div>3<br \/><span>DFP-Punkte<\/span><\/div>\n<\/li>\n<li><a href=\"https:\/\/learn.meindfp.at\/evaluate\/org\/44238808\/courses\/view-event?item_id=65625762\">Hypertrophe Kardiomyopathie \u2013 Diagnostik und Management<\/a>\n<div>2<br \/><span>DFP-Punkte<\/span><\/div>\n<\/li>\n<\/ul>\n<\/div>\n<\/div><\/div><\/div><\/div><\/div><\/div><div id=\"pg-5313-3\"  class=\"panel-grid panel-has-style\" ><div class=\"grid-logo siteorigin-panels-stretch panel-row-style panel-row-style-for-5313-3\" id=\"dfp-logo\" data-stretch-type=\"full\" ><div id=\"pgc-5313-3-0\"  class=\"panel-grid-cell\" ><div id=\"panel-5313-3-0-0\" class=\"so-panel widget widget_sow-image panel-first-child\" data-index=\"4\" ><div\n\t\t\t\n\t\t\tclass=\"so-widget-sow-image so-widget-sow-image-default-c67d20f9f743-5313\"\n\t\t\t\n\t\t>\n<div class=\"sow-image-container\">\n\t\t<img \n\tsrc=\"https:\/\/medbee.org\/s\/wp-content\/uploads\/2020\/09\/dfp_logo.png\" width=\"100\" height=\"54\" sizes=\"(max-width: 100px) 100vw, 100px\" alt=\"DFP-Logo\" \t\tclass=\"so-widget-image\"\/>\n\t<\/div>\n\n<\/div><\/div><div id=\"panel-5313-3-0-1\" class=\"so-panel widget widget_sow-editor panel-last-child\" data-index=\"5\" ><div class=\"panel-widget-style panel-widget-style-for-5313-3-0-1\" ><div\n\t\t\t\n\t\t\tclass=\"so-widget-sow-editor so-widget-sow-editor-base\"\n\t\t\t\n\t\t>\n<div class=\"siteorigin-widget-tinymce textwidget\">\n\t<p>DFP-ID: 693907<\/p>\n<\/div>\n<\/div><\/div><\/div><\/div><div id=\"pgc-5313-3-1\"  class=\"panel-grid-cell\" ><div id=\"panel-5313-3-1-0\" class=\"so-panel widget widget_sow-image panel-first-child\" data-index=\"6\" ><div\n\t\t\t\n\t\t\tclass=\"so-widget-sow-image so-widget-sow-image-default-c67d20f9f743-5313\"\n\t\t\t\n\t\t>\n<div class=\"sow-image-container\">\n\t\t\t<a href=\"http:\/\/www.aekwien.at\/\"\n\t\t\ttarget=\"_blank\" rel=\"noopener noreferrer\" \t\t>\n\t\t\t<img \n\tsrc=\"https:\/\/medbee.org\/s\/wp-content\/uploads\/2025\/01\/Kammer_2024_Breit_1200px-300x45.png\" width=\"300\" height=\"45\" srcset=\"https:\/\/medbee.org\/s\/wp-content\/uploads\/2025\/01\/Kammer_2024_Breit_1200px-300x45.png 300w, https:\/\/medbee.org\/s\/wp-content\/uploads\/2025\/01\/Kammer_2024_Breit_1200px-1024x154.png 1024w, https:\/\/medbee.org\/s\/wp-content\/uploads\/2025\/01\/Kammer_2024_Breit_1200px-768x115.png 768w, https:\/\/medbee.org\/s\/wp-content\/uploads\/2025\/01\/Kammer_2024_Breit_1200px.png 1200w\" sizes=\"(max-width: 300px) 100vw, 300px\" alt=\"Logo \u00c4rztekammer\" \t\tclass=\"so-widget-image\"\/>\n\t\t\t<\/a><\/div>\n\n<\/div><\/div><div id=\"panel-5313-3-1-1\" class=\"so-panel widget widget_sow-editor panel-last-child\" data-index=\"7\" ><div class=\"panel-widget-style panel-widget-style-for-5313-3-1-1\" ><div\n\t\t\t\n\t\t\tclass=\"so-widget-sow-editor so-widget-sow-editor-base\"\n\t\t\t\n\t\t>\n<div class=\"siteorigin-widget-tinymce textwidget\">\n\t<div id=\"panel-gb4336-68dfce0978d9d-6-1-1\" class=\"so-panel widget widget_sow-editor panel-last-child\" data-index=\"14\">\n<div class=\"so-widget-sow-editor so-widget-sow-editor-base\">\n<div class=\"siteorigin-widget-tinymce textwidget\">\n<p>\u00c4rztlicher Fortbildungsanbieter<\/p>\n<\/div>\n<\/div>\n<\/div>\n<\/div>\n<\/div><\/div><\/div><\/div><\/div><\/div><\/div>","protected":false},"excerpt":{"rendered":"<p>Frischen Sie Ihr Wissen mit Hilfe von medbee Pocketcards auf und absolvieren Sie ausgew\u00e4hlte DFP-Punkte Online-Tests. Egal ob am Sofa oder im Office, Sie k\u00f6nnen bequem Ihren Wissensstand vom PC aus \u00fcberpr\u00fcfen. So geht Weiterbildung!<\/p>\n","protected":false},"author":2,"featured_media":0,"parent":0,"menu_order":0,"comment_status":"closed","ping_status":"closed","template":"","meta":{"footnotes":""},"class_list":["post-5313","page","type-page","status-publish","hentry","post"],"_links":{"self":[{"href":"https:\/\/medbee.org\/s\/wp-json\/wp\/v2\/pages\/5313","targetHints":{"allow":["GET"]}}],"collection":[{"href":"https:\/\/medbee.org\/s\/wp-json\/wp\/v2\/pages"}],"about":[{"href":"https:\/\/medbee.org\/s\/wp-json\/wp\/v2\/types\/page"}],"author":[{"embeddable":true,"href":"https:\/\/medbee.org\/s\/wp-json\/wp\/v2\/users\/2"}],"replies":[{"embeddable":true,"href":"https:\/\/medbee.org\/s\/wp-json\/wp\/v2\/comments?post=5313"}],"version-history":[{"count":61,"href":"https:\/\/medbee.org\/s\/wp-json\/wp\/v2\/pages\/5313\/revisions"}],"predecessor-version":[{"id":5516,"href":"https:\/\/medbee.org\/s\/wp-json\/wp\/v2\/pages\/5313\/revisions\/5516"}],"wp:attachment":[{"href":"https:\/\/medbee.org\/s\/wp-json\/wp\/v2\/media?parent=5313"}],"curies":[{"name":"wp","href":"https:\/\/api.w.org\/{rel}","templated":true}]}}