{"id":4294,"date":"2024-01-16T17:47:47","date_gmt":"2024-01-16T16:47:47","guid":{"rendered":"https:\/\/medbee.org\/s\/?page_id=4294"},"modified":"2025-12-12T17:17:51","modified_gmt":"2025-12-12T16:17:51","slug":"innere-medizin","status":"publish","type":"page","link":"https:\/\/medbee.org\/s\/innere-medizin\/","title":{"rendered":"Innere Medizin"},"content":{"rendered":"<div id=\"pl-4294\"  class=\"panel-layout\" ><div id=\"pg-4294-0\"  class=\"panel-grid panel-has-style\" ><div class=\"siteorigin-panels-stretch panel-row-style panel-row-style-for-4294-0\" data-stretch-type=\"full-width-stretch\" ><div id=\"pgc-4294-0-0\"  class=\"panel-grid-cell\" ><div id=\"panel-4294-0-0-0\" class=\"so-panel widget widget_sow-hero panel-first-child panel-last-child\" data-index=\"0\" ><div class=\"hero-align-left hero-height hero-bg-top panel-widget-style panel-widget-style-for-4294-0-0-0\" ><div\n\t\t\t\n\t\t\tclass=\"so-widget-sow-hero so-widget-sow-hero-default-b1b3b443860d-4294 so-widget-fittext-wrapper\"\n\t\t\t data-fit-text-compressor=\"0.65\"\n\t\t>\t\t\t\t<div class=\"sow-slider-base\" style=\"display: none\" tabindex=\"0\">\n\t\t\t\t\t<ul\n\t\t\t\t\tclass=\"sow-slider-images\"\n\t\t\t\t\tdata-settings=\"{&quot;pagination&quot;:true,&quot;speed&quot;:800,&quot;timeout&quot;:8000,&quot;paused&quot;:false,&quot;pause_on_hover&quot;:false,&quot;swipe&quot;:true,&quot;nav_always_show_desktop&quot;:&quot;&quot;,&quot;nav_always_show_mobile&quot;:&quot;&quot;,&quot;breakpoint&quot;:&quot;780px&quot;,&quot;unmute&quot;:false,&quot;anchor&quot;:null}\"\n\t\t\t\t\tstyle=\"min-height: 700px\"\t\t\t\t\tdata-anchor-id=\"\"\n\t\t\t\t>\t\t<li class=\"sow-slider-image  sow-slider-image-cover\" style=\"visibility: visible;;background-color: #545454\" >\n\t\t\t\t\t<div class=\"sow-slider-image-container\">\n\t\t\t<div class=\"sow-slider-image-wrapper\">\n\t\t\t\t<h1 style=\"line-height: 1.1\">Leitlinien-Wissen f\u00fcr die Innere Medizin.<\/h1>\n<div class=\"sow-hero-buttons\" ><div\n\t\t\t\n\t\t\tclass=\"so-widget-sow-button so-widget-sow-button-flat-1e03c3edea87\"\n\t\t\t\n\t\t><div class=\"ow-button-base ow-button-align-center\"\n>\n\t\t\t<a\n\t\t\t\t\thref=\"https:\/\/medbee.org\/sign_up\"\n\t\t\t\t\tclass=\"sowb-button ow-icon-placement-left ow-button-hover\" \t>\n\t\t<span>\n\t\t\t\n\t\t\tJetzt registrieren\t\t<\/span>\n\t\t\t<\/a>\n\t<\/div>\n<\/div><\/div>\t\t\t<\/div>\n\t\t<\/div>\n\t\t<div class=\"sow-slider-image-overlay sow-slider-image-cover\" style=\"opacity: 0.75;background-image: url(https:\/\/medbee.org\/s\/wp-content\/uploads\/2024\/01\/Header_Innere_crop-scaled.jpg)\"  ><\/div>\t\t<\/li>\n\t\t<\/ul>\t\t\t\t<ol class=\"sow-slider-pagination\">\n\t\t\t\t\t\t\t\t\t\t\t<li><a href=\"#\" data-goto=\"0\" aria-label=\"Display slide 1\"><\/a><\/li>\n\t\t\t\t\t\t\t\t\t<\/ol>\n\n\t\t\t\t<div class=\"sow-slide-nav sow-slide-nav-next\">\n\t\t\t\t\t<a href=\"#\" data-goto=\"next\" aria-label=\"Next slide\" data-action=\"next\">\n\t\t\t\t\t\t<em class=\"sow-sld-icon-ultra-thin-right\"><\/em>\n\t\t\t\t\t<\/a>\n\t\t\t\t<\/div>\n\n\t\t\t\t<div class=\"sow-slide-nav sow-slide-nav-prev\">\n\t\t\t\t\t<a href=\"#\" data-goto=\"previous\" aria-label=\"Previous slide\" data-action=\"prev\">\n\t\t\t\t\t\t<em class=\"sow-sld-icon-ultra-thin-left\"><\/em>\n\t\t\t\t\t<\/a>\n\t\t\t\t<\/div>\n\t\t\t\t<\/div><\/div><\/div><\/div><\/div><\/div><\/div><div id=\"pg-4294-1\"  class=\"panel-grid panel-has-style\" ><div class=\"siteorigin-panels-stretch panel-row-style panel-row-style-for-4294-1\" data-stretch-type=\"full\" ><div id=\"pgc-4294-1-0\"  class=\"panel-grid-cell\" ><div id=\"panel-4294-1-0-0\" class=\"so-panel widget widget_sow-editor panel-first-child panel-last-child\" data-index=\"1\" ><div class=\"panel-widget-style panel-widget-style-for-4294-1-0-0\" ><div\n\t\t\t\n\t\t\tclass=\"so-widget-sow-editor so-widget-sow-editor-base\"\n\t\t\t\n\t\t>\n<div class=\"siteorigin-widget-tinymce textwidget\">\n\t<p>Mit Pocketcards<br \/>\nsicher entscheiden<\/p>\n<\/div>\n<\/div><\/div><\/div><\/div><div id=\"pgc-4294-1-1\"  class=\"panel-grid-cell\" ><div id=\"panel-4294-1-1-0\" class=\"so-panel widget widget_sow-features panel-first-child panel-last-child\" data-index=\"2\" ><div class=\"panel-widget-style panel-widget-style-for-4294-1-1-0\" ><div\n\t\t\t\n\t\t\tclass=\"so-widget-sow-features so-widget-sow-features-default-3aeedbcddc84-4294\"\n\t\t\t\n\t\t><ul\n\tclass=\"sow-features-list\n\t\">\n\n\t\t\t<li\n\t\t\tclass=\"sow-features-feature sow-icon-container-position-right\"\n\t\t\tstyle=\"display: flex; flex-direction: row; width: calc(100% - 0px);\"\n\t\t>\n\t\t\t\n\t\t\t\t\t\t<div\t\t\t\tclass=\"sow-icon-container sow-container-none\"\n\t\t\t\tstyle=\"color: #404040; \"\n\t\t\t\t\n\t\t\t\t\t\t\t>\n\t\t\t\t<span class=\"sow-icon-icomoon\" data-sow-icon=\"&#xea34;\"\n\t\tstyle=\"font-size: 30px; color: #47ae8c\" \n\t\taria-hidden=\"true\"><\/span>\t\t\t<\/div>\n\n\t\t\t<div class=\"textwidget\">\n\t\t\t\t\n\t\t\t\t\n\t\t\t\t\t\t\t\t\t<div class=\"sow-features-feature-text\">\n\t\t\t\t\t<p>Leitliniengerecht und evidenzbasiert entscheiden<\/p>\n\t\t\t\t\t<\/div>\n\t\t\t\t\t\t\t\t<\/div>\n\t\t\t\t\t\t\t\t<\/li>\n\n\t\t\t<li\n\t\t\tclass=\"sow-features-feature sow-icon-container-position-right\"\n\t\t\tstyle=\"display: flex; flex-direction: row; width: calc(100% - 0px);\"\n\t\t>\n\t\t\t\n\t\t\t\t\t\t<div\t\t\t\tclass=\"sow-icon-container sow-container-none\"\n\t\t\t\tstyle=\"color: #404040; \"\n\t\t\t\t\n\t\t\t\t\t\t\t>\n\t\t\t\t<span class=\"sow-icon-icomoon\" data-sow-icon=\"&#xea34;\"\n\t\tstyle=\"font-size: 30px; color: #47ae8c\" \n\t\taria-hidden=\"true\"><\/span>\t\t\t<\/div>\n\n\t\t\t<div class=\"textwidget\">\n\t\t\t\t\n\t\t\t\t\n\t\t\t\t\t\t\t\t\t<div class=\"sow-features-feature-text\">\n\t\t\t\t\t<p>Pocketcards von medbee zur fachlichen Absicherung<\/p>\n\t\t\t\t\t<\/div>\n\t\t\t\t\t\t\t\t<\/div>\n\t\t\t\t\t\t\t\t<\/li>\n\n\t\t\t<li\n\t\t\tclass=\"sow-features-feature sow-icon-container-position-right\"\n\t\t\tstyle=\"display: flex; flex-direction: row; width: calc(100% - 0px);\"\n\t\t>\n\t\t\t\n\t\t\t\t\t\t<div\t\t\t\tclass=\"sow-icon-container sow-container-none\"\n\t\t\t\tstyle=\"color: #404040; \"\n\t\t\t\t\n\t\t\t\t\t\t\t>\n\t\t\t\t<span class=\"sow-icon-icomoon\" data-sow-icon=\"&#xea34;\"\n\t\tstyle=\"font-size: 30px; color: #47ae8c\" \n\t\taria-hidden=\"true\"><\/span>\t\t\t<\/div>\n\n\t\t\t<div class=\"textwidget\">\n\t\t\t\t\n\t\t\t\t\n\t\t\t\t\t\t\t\t\t<div class=\"sow-features-feature-text\">\n\t\t\t\t\t<p>Schnell relevante Therapieoptionen nachschauen<\/p>\n\t\t\t\t\t<\/div>\n\t\t\t\t\t\t\t\t<\/div>\n\t\t\t\t\t\t\t\t<\/li>\n\n\t\t\t<li\n\t\t\tclass=\"sow-features-feature sow-icon-container-position-right\"\n\t\t\tstyle=\"display: flex; flex-direction: row; width: calc(100% - 0px);\"\n\t\t>\n\t\t\t\n\t\t\t\t\t\t<div\t\t\t\tclass=\"sow-icon-container sow-container-none\"\n\t\t\t\tstyle=\"color: #404040; \"\n\t\t\t\t\n\t\t\t\t\t\t\t>\n\t\t\t\t<span class=\"sow-icon-icomoon\" data-sow-icon=\"&#xea34;\"\n\t\tstyle=\"font-size: 30px; color: #47ae8c\" \n\t\taria-hidden=\"true\"><\/span>\t\t\t<\/div>\n\n\t\t\t<div class=\"textwidget\">\n\t\t\t\t\n\t\t\t\t\n\t\t\t\t\t\t\t\t\t<div class=\"sow-features-feature-text\">\n\t\t\t\t\t<p>Angebot w\u00e4chst: Bisher mehrere hundert Pocketcards, es kommen regelm\u00e4\u00dfig neue dazu<\/p>\n\t\t\t\t\t<\/div>\n\t\t\t\t\t\t\t\t<\/div>\n\t\t\t\t\t\t\t\t<\/li>\n\n\t<\/ul>\n<\/div><\/div><\/div><\/div><\/div><\/div><div id=\"pg-4294-2\"  class=\"panel-grid panel-has-style\" ><div class=\"siteorigin-panels-stretch panel-row-style panel-row-style-for-4294-2\" data-stretch-type=\"full\" ><div id=\"pgc-4294-2-0\"  class=\"panel-grid-cell\" ><div id=\"panel-4294-2-0-0\" class=\"so-panel widget widget_sow-editor panel-first-child\" data-index=\"3\" ><div class=\"panel-widget-style panel-widget-style-for-4294-2-0-0\" ><div\n\t\t\t\n\t\t\tclass=\"so-widget-sow-editor so-widget-sow-editor-base\"\n\t\t\t\n\t\t>\n<div class=\"siteorigin-widget-tinymce textwidget\">\n\t<p>Pocketcards am Smartphone<\/p>\n<\/div>\n<\/div><\/div><\/div><div id=\"panel-4294-2-0-1\" class=\"so-panel widget widget_sow-editor panel-last-child\" data-index=\"4\" ><div class=\"panel-widget-style panel-widget-style-for-4294-2-0-1\" ><div\n\t\t\t\n\t\t\tclass=\"so-widget-sow-editor so-widget-sow-editor-base\"\n\t\t\t\n\t\t>\n<div class=\"siteorigin-widget-tinymce textwidget\">\n\t\t\t<div class=\"wpsisac-slick-carousal-wrp wpsisac-clearfix \" data-conf=\"{&quot;slidestoshow&quot;:&quot;3&quot;,&quot;slidestoscroll&quot;:1,&quot;dots&quot;:&quot;false&quot;,&quot;arrows&quot;:&quot;true&quot;,&quot;autoplay&quot;:&quot;true&quot;,&quot;autoplay_interval&quot;:3000,&quot;speed&quot;:300,&quot;rtl&quot;:&quot;false&quot;,&quot;centermode&quot;:&quot;true&quot;,&quot;lazyload&quot;:&quot;&quot;,&quot;variablewidth&quot;:&quot;false&quot;,&quot;loop&quot;:&quot;true&quot;,&quot;hover_pause&quot;:&quot;true&quot;}\">\r\t\t\t<div id=\"wpsisac-slick-carousal-1\" class=\"wpsisac-slick-init wpsisac-slick-carousal design-1  wpsisac-center\">\r\r\t\t\t\t<div class=\"wpsisac-image-slide\">\r\t\t\t<div class=\"wpsisac-image-slide-wrap\" style=\"\">\r\t\t\t<img decoding=\"async\"  src=\"https:\/\/medbee.org\/s\/wp-content\/uploads\/2024\/01\/phone-8-768x1556.png\" alt=\"LP Innere Medizin 08\" \/>\r\t\t<\/div>\r\t<\/div><div class=\"wpsisac-image-slide\">\r\t\t\t<div class=\"wpsisac-image-slide-wrap\" style=\"\">\r\t\t\t<img decoding=\"async\"  src=\"https:\/\/medbee.org\/s\/wp-content\/uploads\/2024\/01\/phone-7-768x1556.png\" alt=\"LP Innere Medizin 07\" \/>\r\t\t<\/div>\r\t<\/div><div class=\"wpsisac-image-slide\">\r\t\t\t<div class=\"wpsisac-image-slide-wrap\" style=\"\">\r\t\t\t<img decoding=\"async\"  src=\"https:\/\/medbee.org\/s\/wp-content\/uploads\/2024\/01\/phone-6-768x1556.png\" alt=\"LP Innere Medizin 06\" \/>\r\t\t<\/div>\r\t<\/div><div class=\"wpsisac-image-slide\">\r\t\t\t<div class=\"wpsisac-image-slide-wrap\" style=\"\">\r\t\t\t<img decoding=\"async\"  src=\"https:\/\/medbee.org\/s\/wp-content\/uploads\/2024\/01\/phone-5-768x1556.png\" alt=\"LP Innere Medizin 05\" \/>\r\t\t<\/div>\r\t<\/div><div class=\"wpsisac-image-slide\">\r\t\t\t<div class=\"wpsisac-image-slide-wrap\" style=\"\">\r\t\t\t<img decoding=\"async\"  src=\"https:\/\/medbee.org\/s\/wp-content\/uploads\/2024\/01\/phone-4-768x1556.png\" alt=\"LP Innere Medizin 04\" \/>\r\t\t<\/div>\r\t<\/div><div class=\"wpsisac-image-slide\">\r\t\t\t<div class=\"wpsisac-image-slide-wrap\" style=\"\">\r\t\t\t<img decoding=\"async\"  src=\"https:\/\/medbee.org\/s\/wp-content\/uploads\/2024\/01\/phone-3-768x1556.png\" alt=\"LP Innere Medizin 03\" \/>\r\t\t<\/div>\r\t<\/div><div class=\"wpsisac-image-slide\">\r\t\t\t<div class=\"wpsisac-image-slide-wrap\" style=\"\">\r\t\t\t<img decoding=\"async\"  src=\"https:\/\/medbee.org\/s\/wp-content\/uploads\/2024\/01\/phone-2-768x1556.png\" alt=\"LP Innere Medizin 02\" \/>\r\t\t<\/div>\r\t<\/div><div class=\"wpsisac-image-slide\">\r\t\t\t<div class=\"wpsisac-image-slide-wrap\" style=\"\">\r\t\t\t<img decoding=\"async\"  src=\"https:\/\/medbee.org\/s\/wp-content\/uploads\/2024\/01\/phone-1-768x1556.png\" alt=\"LP Innere Medizin 01\" \/>\r\t\t<\/div>\r\t<\/div>\r\t\t\t<\/div>\r\t\t<\/div>\r\t\n<\/div>\n<\/div><\/div><\/div><\/div><\/div><\/div><div id=\"pg-4294-3\"  class=\"panel-grid panel-has-style\" ><div class=\"siteorigin-panels-stretch panel-row-style panel-row-style-for-4294-3\" data-stretch-type=\"full-width-stretch\" ><div id=\"pgc-4294-3-0\"  class=\"panel-grid-cell\" ><div id=\"panel-4294-3-0-0\" class=\"so-panel widget widget_sow-editor panel-first-child\" data-index=\"5\" ><div class=\"panel-widget-style panel-widget-style-for-4294-3-0-0\" ><div\n\t\t\t\n\t\t\tclass=\"so-widget-sow-editor so-widget-sow-editor-base\"\n\t\t\t\n\t\t>\n<div class=\"siteorigin-widget-tinymce textwidget\">\n\t<p><em>\u201eInnerhalb von Sekunden eine evidenzbasierte Therapieempfehlung anhand aktueller Guidelines.\u201c<\/em><\/p>\n<\/div>\n<\/div><\/div><\/div><div id=\"panel-4294-3-0-1\" class=\"so-panel widget widget_sow-editor panel-last-child\" data-index=\"6\" ><div\n\t\t\t\n\t\t\tclass=\"so-widget-sow-editor so-widget-sow-editor-base\"\n\t\t\t\n\t\t>\n<div class=\"siteorigin-widget-tinymce textwidget\">\n\t<div class=\"sow-text\"><span class=\"sow-testimonial-name\">Dr. Niema Kazem,<\/span> <span class=\"sow-testimonial-location\">Assistenzarzt<\/span><\/div>\n<\/div>\n<\/div><\/div><\/div><\/div><\/div><div id=\"pg-4294-4\"  class=\"panel-grid panel-has-style\" ><div class=\"panel-row-style panel-row-style-for-4294-4\" ><div id=\"pgc-4294-4-0\"  class=\"panel-grid-cell\" ><div id=\"panel-4294-4-0-0\" class=\"so-panel widget widget_sow-headline panel-first-child\" data-index=\"7\" ><div class=\"not-bold panel-widget-style panel-widget-style-for-4294-4-0-0\" ><div\n\t\t\t\n\t\t\tclass=\"so-widget-sow-headline so-widget-sow-headline-default-71937cd0a656-4299\"\n\t\t\t\n\t\t><div class=\"sow-headline-container \">\n\t\t\t\t\t\t\t<h2 class=\"sow-headline\">\n\t\t\t\t\t\tTreffen Sie informierte Entscheidungen, jederzeit und \u00fcberall.\t\t\t\t\t\t<\/h2>\n\t\t\t\t\t\t<\/div>\n<\/div><\/div><\/div><div id=\"panel-4294-4-0-1\" class=\"so-panel widget widget_text\" data-index=\"8\" ><div class=\"panel-widget-style panel-widget-style-for-4294-4-0-1\" >\t\t\t<div class=\"textwidget\"><p>Bleiben Sie in der Inneren Medizin auf dem Laufenden mit den Pocketcards von medbee &#8211; einer tragbaren und st\u00e4ndig aktualisierten Bibliothek mit medizinischem Wissen, direkt in Ihrer Tasche.<\/p>\n<\/div>\n\t\t<\/div><\/div><div id=\"panel-4294-4-0-2\" class=\"so-panel widget widget_sow-button panel-last-child\" data-index=\"9\" ><div class=\"panel-widget-style panel-widget-style-for-4294-4-0-2\" ><div\n\t\t\t\n\t\t\tclass=\"so-widget-sow-button so-widget-sow-button-flat-38ae063e6712-4299\"\n\t\t\t\n\t\t><div class=\"ow-button-base ow-button-align-center\"\n>\n\t\t\t<a\n\t\t\t\t\thref=\"https:\/\/medbee.org\/sign_up\"\n\t\t\t\t\tclass=\"sowb-button ow-icon-placement-left ow-button-hover\" \t>\n\t\t<span>\n\t\t\t\n\t\t\tJetzt registrieren\t\t<\/span>\n\t\t\t<\/a>\n\t<\/div>\n<\/div><\/div><\/div><\/div><\/div><\/div><div id=\"pg-4294-5\"  class=\"panel-grid panel-has-style\" ><div class=\"siteorigin-panels-stretch panel-row-style panel-row-style-for-4294-5\" id=\"pocketcards\" data-stretch-type=\"full\" ><div id=\"pgc-4294-5-0\"  class=\"panel-grid-cell\" ><div class=\"panel-cell-style panel-cell-style-for-4294-5-0\" ><div id=\"panel-4294-5-0-0\" class=\"so-panel widget widget_sow-image panel-first-child panel-last-child\" data-index=\"10\" ><div\n\t\t\t\n\t\t\tclass=\"so-widget-sow-image so-widget-sow-image-default-c67d20f9f743-4299\"\n\t\t\t\n\t\t>\n<div class=\"sow-image-container\">\n\t\t<img \n\tsrc=\"https:\/\/medbee.org\/s\/wp-content\/uploads\/2025\/04\/medbee-bibliothek-screenshot-mock-up.png\" width=\"1187\" height=\"2476\" srcset=\"https:\/\/medbee.org\/s\/wp-content\/uploads\/2025\/04\/medbee-bibliothek-screenshot-mock-up.png 1187w, https:\/\/medbee.org\/s\/wp-content\/uploads\/2025\/04\/medbee-bibliothek-screenshot-mock-up-144x300.png 144w, https:\/\/medbee.org\/s\/wp-content\/uploads\/2025\/04\/medbee-bibliothek-screenshot-mock-up-491x1024.png 491w, https:\/\/medbee.org\/s\/wp-content\/uploads\/2025\/04\/medbee-bibliothek-screenshot-mock-up-768x1602.png 768w, https:\/\/medbee.org\/s\/wp-content\/uploads\/2025\/04\/medbee-bibliothek-screenshot-mock-up-736x1536.png 736w, https:\/\/medbee.org\/s\/wp-content\/uploads\/2025\/04\/medbee-bibliothek-screenshot-mock-up-982x2048.png 982w, https:\/\/medbee.org\/s\/wp-content\/uploads\/2025\/04\/medbee-bibliothek-screenshot-mock-up-575x1200.png 575w\" sizes=\"(max-width: 1187px) 100vw, 1187px\" alt=\"Darstellung Interface medbee Bibliothek auf Smartphone.\" \t\tclass=\"so-widget-image\"\/>\n\t<\/div>\n\n<\/div><\/div><\/div><\/div><div id=\"pgc-4294-5-1\"  class=\"panel-grid-cell\" ><div class=\"panel-cell-style panel-cell-style-for-4294-5-1\" ><div id=\"panel-4294-5-1-0\" class=\"so-panel widget widget_sow-headline panel-first-child\" data-index=\"11\" ><div class=\"not-bold panel-widget-style panel-widget-style-for-4294-5-1-0\" ><div\n\t\t\t\n\t\t\tclass=\"so-widget-sow-headline so-widget-sow-headline-default-38f1d0f6eb2c-4299\"\n\t\t\t\n\t\t><div class=\"sow-headline-container \">\n\t\t\t\t\t\t\t<h2 class=\"sow-headline\">\n\t\t\t\t\t\tPocketcards immer dabei\t\t\t\t\t\t<\/h2>\n\t\t\t\t\t\t<\/div>\n<\/div><\/div><\/div><div id=\"panel-4294-5-1-1\" class=\"so-panel widget widget_sow-editor\" data-index=\"12\" ><div class=\"panel-widget-style panel-widget-style-for-4294-5-1-1\" ><div\n\t\t\t\n\t\t\tclass=\"so-widget-sow-editor so-widget-sow-editor-base\"\n\t\t\t\n\t\t>\n<div class=\"siteorigin-widget-tinymce textwidget\">\n\t<p>Jetzt die medbee App f\u00fcr Handy oder Desktop kostenlos herunterladen und auf \u00fcber 1.000 Pocketcards zugreifen!<\/p>\n<\/div>\n<\/div><\/div><\/div><div id=\"panel-4294-5-1-2\" class=\"so-panel widget widget_sow-image-grid panel-last-child\" data-index=\"13\" ><div\n\t\t\t\n\t\t\tclass=\"so-widget-sow-image-grid so-widget-sow-image-grid-default-b44b97ee75eb-4299\"\n\t\t\t\n\t\t>\t<div\n\t\tclass=\"sow-image-grid-wrapper\"\n\t\tdata-max-width=\"100\"\t\t\t>\n\t\t\t\t\t<div class=\"sow-image-grid-image\">\n\t\t\t\t\t\t\t\t\t\t\t\t\t<a href=\"https:\/\/itunes.apple.com\/at\/app\/medbee\/id1110046539?l=de&#038;ls=1&#038;mt=8\"\n\t\t\t\t\t\t\t\t\t\t\t\t\t\t\t\t\t\ttarget=\"_blank\" \t\t\t\t\t\t\t\t\t\t\t\t\t\t\t\t\t\t\t\t\t\t\t\trel=\"noopener noreferrer\" \t\t\t\t\t\t\t\t\t\t\t>\n\t\t\t\t\t\t\t\t<img loading=\"lazy\" decoding=\"async\" width=\"557\" height=\"161\" src=\"https:\/\/medbee.org\/s\/wp-content\/uploads\/2018\/05\/app-store-badge.png\" class=\"sow-image-grid-image_html\" alt=\"\" title=\"app store badge\" srcset=\"https:\/\/medbee.org\/s\/wp-content\/uploads\/2018\/05\/app-store-badge.png 557w, https:\/\/medbee.org\/s\/wp-content\/uploads\/2018\/05\/app-store-badge-300x87.png 300w\" sizes=\"auto, (max-width: 557px) 100vw, 557px\" \/>\t\t\t\t\t\t\t\t\t<\/a>\n\t\t\t\t\t\t\t\t\t\t\t<\/div>\n\t\t\t\t\t<div class=\"sow-image-grid-image\">\n\t\t\t\t\t\t\t\t\t\t\t\t\t<a href=\"https:\/\/play.google.com\/store\/apps\/details?id=org.medbee.android\"\n\t\t\t\t\t\t\t\t\t\t\t\t\t\t\t\t\t\ttarget=\"_blank\" \t\t\t\t\t\t\t\t\t\t\t\t\t\t\t\t\t\t\t\t\t\t\t\trel=\"noopener noreferrer\" \t\t\t\t\t\t\t\t\t\t\t>\n\t\t\t\t\t\t\t\t<img loading=\"lazy\" decoding=\"async\" width=\"555\" height=\"159\" src=\"https:\/\/medbee.org\/s\/wp-content\/uploads\/2018\/05\/google-badge.png\" class=\"sow-image-grid-image_html\" alt=\"\" title=\"google badge\" srcset=\"https:\/\/medbee.org\/s\/wp-content\/uploads\/2018\/05\/google-badge.png 555w, https:\/\/medbee.org\/s\/wp-content\/uploads\/2018\/05\/google-badge-300x86.png 300w\" sizes=\"auto, (max-width: 555px) 100vw, 555px\" \/>\t\t\t\t\t\t\t\t\t<\/a>\n\t\t\t\t\t\t\t\t\t\t\t<\/div>\n\t\t\t<\/div>\n<\/div><\/div><\/div><\/div><\/div><\/div><\/div>","protected":false},"excerpt":{"rendered":"<p>Mit Pocketcards sicher entscheiden<\/p>\n","protected":false},"author":2,"featured_media":0,"parent":0,"menu_order":0,"comment_status":"closed","ping_status":"closed","template":"","meta":{"footnotes":""},"class_list":["post-4294","page","type-page","status-publish","hentry","post"],"_links":{"self":[{"href":"https:\/\/medbee.org\/s\/wp-json\/wp\/v2\/pages\/4294","targetHints":{"allow":["GET"]}}],"collection":[{"href":"https:\/\/medbee.org\/s\/wp-json\/wp\/v2\/pages"}],"about":[{"href":"https:\/\/medbee.org\/s\/wp-json\/wp\/v2\/types\/page"}],"author":[{"embeddable":true,"href":"https:\/\/medbee.org\/s\/wp-json\/wp\/v2\/users\/2"}],"replies":[{"embeddable":true,"href":"https:\/\/medbee.org\/s\/wp-json\/wp\/v2\/comments?post=4294"}],"version-history":[{"count":19,"href":"https:\/\/medbee.org\/s\/wp-json\/wp\/v2\/pages\/4294\/revisions"}],"predecessor-version":[{"id":5501,"href":"https:\/\/medbee.org\/s\/wp-json\/wp\/v2\/pages\/4294\/revisions\/5501"}],"wp:attachment":[{"href":"https:\/\/medbee.org\/s\/wp-json\/wp\/v2\/media?parent=4294"}],"curies":[{"name":"wp","href":"https:\/\/api.w.org\/{rel}","templated":true}]}}