{"id":356,"date":"2018-05-04T18:52:45","date_gmt":"2018-05-04T16:52:45","guid":{"rendered":"http:\/\/www.medbee.eu\/s\/?page_id=356"},"modified":"2026-02-25T09:01:55","modified_gmt":"2026-02-25T08:01:55","slug":"team","status":"publish","type":"page","link":"https:\/\/medbee.org\/s\/team\/","title":{"rendered":"Team"},"content":{"rendered":"<div id=\"pl-356\"  class=\"panel-layout\" ><div id=\"pg-356-0\"  class=\"panel-grid panel-has-style\" ><div class=\"siteorigin-panels-stretch panel-row-style panel-row-style-for-356-0\" data-stretch-type=\"full\" ><div id=\"pgc-356-0-0\"  class=\"panel-grid-cell\" ><div id=\"panel-356-0-0-0\" class=\"so-panel widget widget_sow-headline panel-first-child\" data-index=\"0\" ><div class=\"not-bold panel-widget-style panel-widget-style-for-356-0-0-0\" ><div\n\t\t\t\n\t\t\tclass=\"so-widget-sow-headline so-widget-sow-headline-default-b8529f4f6b48-356\"\n\t\t\t\n\t\t><div class=\"sow-headline-container \">\n\t\t\t\t\t\t\t<h1 class=\"sow-headline\">\n\t\t\t\t\t\tTeam\t\t\t\t\t\t<\/h1>\n\t\t\t\t\t\t<\/div>\n<\/div><\/div><\/div><div id=\"panel-356-0-0-1\" class=\"so-panel widget widget_sow-editor panel-last-child\" data-index=\"1\" ><div class=\"panel-widget-style panel-widget-style-for-356-0-0-1\" ><div\n\t\t\t\n\t\t\tclass=\"so-widget-sow-editor so-widget-sow-editor-base\"\n\t\t\t\n\t\t>\n<div class=\"siteorigin-widget-tinymce textwidget\">\n\t<p>Wir sind getragen von der Vision, dass \u00c4rztinnen und \u00c4rzte weltweit \u00fcber medbee die beste medizinische Information unmittelbar am Point of Care verf\u00fcgbar haben.<\/p>\n<\/div>\n<\/div><\/div><\/div><\/div><\/div><\/div><div id=\"pg-356-1\"  class=\"panel-grid panel-has-style\" ><div class=\"siteorigin-panels-stretch panel-row-style panel-row-style-for-356-1\" data-stretch-type=\"full\" ><div id=\"pgc-356-1-0\"  class=\"panel-grid-cell\" ><div id=\"panel-356-1-0-0\" class=\"so-panel widget widget_sow-image panel-first-child\" data-index=\"2\" ><div class=\"circle-image panel-widget-style panel-widget-style-for-356-1-0-0\" ><div\n\t\t\t\n\t\t\tclass=\"so-widget-sow-image so-widget-sow-image-default-a258e6bfa2d8-356\"\n\t\t\t\n\t\t>\n<div class=\"sow-image-container\">\n\t\t<img \n\tsrc=\"https:\/\/medbee.org\/s\/wp-content\/uploads\/2018\/06\/strouhal.jpg\" width=\"600\" height=\"600\" srcset=\"https:\/\/medbee.org\/s\/wp-content\/uploads\/2018\/06\/strouhal.jpg 600w, https:\/\/medbee.org\/s\/wp-content\/uploads\/2018\/06\/strouhal-150x150.jpg 150w, https:\/\/medbee.org\/s\/wp-content\/uploads\/2018\/06\/strouhal-300x300.jpg 300w\" sizes=\"(max-width: 600px) 100vw, 600px\" alt=\"\" \t\tclass=\"so-widget-image\"\/>\n\t<\/div>\n\n<\/div><\/div><\/div><div id=\"panel-356-1-0-1\" class=\"so-panel widget widget_sow-editor panel-last-child\" data-index=\"3\" ><div\n\t\t\t\n\t\t\tclass=\"so-widget-sow-editor so-widget-sow-editor-base\"\n\t\t\t\n\t\t>\n<div class=\"siteorigin-widget-tinymce textwidget\">\n\t<p>Andreas Strouhal<br \/>\nGr\u00fcnder<br \/>\nLeitung Content<\/p>\n<\/div>\n<\/div><\/div><\/div><div id=\"pgc-356-1-1\"  class=\"panel-grid-cell\" ><div id=\"panel-356-1-1-0\" class=\"so-panel widget widget_sow-image panel-first-child\" data-index=\"4\" ><div class=\"circle-image panel-widget-style panel-widget-style-for-356-1-1-0\" ><div\n\t\t\t\n\t\t\tclass=\"so-widget-sow-image so-widget-sow-image-default-a258e6bfa2d8-356\"\n\t\t\t\n\t\t>\n<div class=\"sow-image-container\">\n\t\t<img \n\tsrc=\"https:\/\/medbee.org\/s\/wp-content\/uploads\/2025\/10\/Alexander_Barta.png\" width=\"400\" height=\"400\" srcset=\"https:\/\/medbee.org\/s\/wp-content\/uploads\/2025\/10\/Alexander_Barta.png 400w, https:\/\/medbee.org\/s\/wp-content\/uploads\/2025\/10\/Alexander_Barta-300x300.png 300w, https:\/\/medbee.org\/s\/wp-content\/uploads\/2025\/10\/Alexander_Barta-150x150.png 150w\" sizes=\"(max-width: 400px) 100vw, 400px\" alt=\"\" \t\tclass=\"so-widget-image\"\/>\n\t<\/div>\n\n<\/div><\/div><\/div><div id=\"panel-356-1-1-1\" class=\"so-panel widget widget_sow-editor panel-last-child\" data-index=\"5\" ><div\n\t\t\t\n\t\t\tclass=\"so-widget-sow-editor so-widget-sow-editor-base\"\n\t\t\t\n\t\t>\n<div class=\"siteorigin-widget-tinymce textwidget\">\n\t<p>Alexander Barta<br \/>\nGesch\u00e4ftsf\u00fchrung<\/p>\n<\/div>\n<\/div><\/div><\/div><div id=\"pgc-356-1-2\"  class=\"panel-grid-cell\" ><div id=\"panel-356-1-2-0\" class=\"so-panel widget widget_sow-image panel-first-child\" data-index=\"6\" ><div class=\"circle-image panel-widget-style panel-widget-style-for-356-1-2-0\" ><div\n\t\t\t\n\t\t\tclass=\"so-widget-sow-image so-widget-sow-image-default-a258e6bfa2d8-356\"\n\t\t\t\n\t\t>\n<div class=\"sow-image-container\">\n\t\t<img \n\tsrc=\"https:\/\/medbee.org\/s\/wp-content\/uploads\/2025\/12\/hofmeister-neu.jpg\" width=\"600\" height=\"600\" srcset=\"https:\/\/medbee.org\/s\/wp-content\/uploads\/2025\/12\/hofmeister-neu.jpg 600w, https:\/\/medbee.org\/s\/wp-content\/uploads\/2025\/12\/hofmeister-neu-300x300.jpg 300w, https:\/\/medbee.org\/s\/wp-content\/uploads\/2025\/12\/hofmeister-neu-150x150.jpg 150w\" sizes=\"(max-width: 600px) 100vw, 600px\" alt=\"\" \t\tclass=\"so-widget-image\"\/>\n\t<\/div>\n\n<\/div><\/div><\/div><div id=\"panel-356-1-2-1\" class=\"so-panel widget widget_sow-editor panel-last-child\" data-index=\"7\" ><div\n\t\t\t\n\t\t\tclass=\"so-widget-sow-editor so-widget-sow-editor-base\"\n\t\t\t\n\t\t>\n<div class=\"siteorigin-widget-tinymce textwidget\">\n\t<p>Wolfgang Hofmeister<br \/>\nKundenbetreuung<\/p>\n<\/div>\n<\/div><\/div><\/div><\/div><\/div><div id=\"pg-356-2\"  class=\"panel-grid panel-has-style\" ><div class=\"panel-row-style panel-row-style-for-356-2\" ><div id=\"pgc-356-2-0\"  class=\"panel-grid-cell\" ><div id=\"panel-356-2-0-0\" class=\"so-panel widget widget_sow-image panel-first-child\" data-index=\"8\" ><div class=\"circle-image panel-widget-style panel-widget-style-for-356-2-0-0\" ><div\n\t\t\t\n\t\t\tclass=\"so-widget-sow-image so-widget-sow-image-default-a258e6bfa2d8-356\"\n\t\t\t\n\t\t>\n<div class=\"sow-image-container\">\n\t\t<img \n\tsrc=\"https:\/\/medbee.org\/s\/wp-content\/uploads\/2024\/05\/Josef_Krabath-removebg-preview-1.png\" width=\"500\" height=\"500\" srcset=\"https:\/\/medbee.org\/s\/wp-content\/uploads\/2024\/05\/Josef_Krabath-removebg-preview-1.png 500w, https:\/\/medbee.org\/s\/wp-content\/uploads\/2024\/05\/Josef_Krabath-removebg-preview-1-300x300.png 300w, https:\/\/medbee.org\/s\/wp-content\/uploads\/2024\/05\/Josef_Krabath-removebg-preview-1-150x150.png 150w\" sizes=\"(max-width: 500px) 100vw, 500px\" title=\"Josef_Krabath-removebg-preview (1)\" alt=\"\" \t\tclass=\"so-widget-image\"\/>\n\t<\/div>\n\n<\/div><\/div><\/div><div id=\"panel-356-2-0-1\" class=\"so-panel widget widget_sow-editor panel-last-child\" data-index=\"9\" ><div\n\t\t\t\n\t\t\tclass=\"so-widget-sow-editor so-widget-sow-editor-base\"\n\t\t\t\n\t\t>\n<div class=\"siteorigin-widget-tinymce textwidget\">\n\t<p>Josef Krabath<br \/>\nLeitung SW-Entwicklung<br \/>\nCTO<\/p>\n<\/div>\n<\/div><\/div><\/div><div id=\"pgc-356-2-1\"  class=\"panel-grid-cell\" ><div id=\"panel-356-2-1-0\" class=\"so-panel widget widget_sow-image panel-first-child\" data-index=\"10\" ><div class=\"circle-image panel-widget-style panel-widget-style-for-356-2-1-0\" ><div\n\t\t\t\n\t\t\tclass=\"so-widget-sow-image so-widget-sow-image-default-a258e6bfa2d8-356\"\n\t\t\t\n\t\t>\n<div class=\"sow-image-container\">\n\t\t<img \n\tsrc=\"https:\/\/medbee.org\/s\/wp-content\/uploads\/2024\/05\/Dieter_Hasenleithner-removebg.png\" width=\"512\" height=\"512\" srcset=\"https:\/\/medbee.org\/s\/wp-content\/uploads\/2024\/05\/Dieter_Hasenleithner-removebg.png 512w, https:\/\/medbee.org\/s\/wp-content\/uploads\/2024\/05\/Dieter_Hasenleithner-removebg-300x300.png 300w, https:\/\/medbee.org\/s\/wp-content\/uploads\/2024\/05\/Dieter_Hasenleithner-removebg-150x150.png 150w\" sizes=\"(max-width: 512px) 100vw, 512px\" alt=\"\" \t\tclass=\"so-widget-image\"\/>\n\t<\/div>\n\n<\/div><\/div><\/div><div id=\"panel-356-2-1-1\" class=\"so-panel widget widget_sow-editor panel-last-child\" data-index=\"11\" ><div\n\t\t\t\n\t\t\tclass=\"so-widget-sow-editor so-widget-sow-editor-base\"\n\t\t\t\n\t\t>\n<div class=\"siteorigin-widget-tinymce textwidget\">\n\t<p>Dieter Hasenleithner<br \/>\nProdukt Management<\/p>\n<\/div>\n<\/div><\/div><\/div><div id=\"pgc-356-2-2\"  class=\"panel-grid-cell\" ><div id=\"panel-356-2-2-0\" class=\"so-panel widget widget_sow-image panel-first-child\" data-index=\"12\" ><div class=\"circle-image panel-widget-style panel-widget-style-for-356-2-2-0\" ><div\n\t\t\t\n\t\t\tclass=\"so-widget-sow-image so-widget-sow-image-default-a258e6bfa2d8-356\"\n\t\t\t\n\t\t>\n<div class=\"sow-image-container\">\n\t\t<img \n\tsrc=\"https:\/\/medbee.org\/s\/wp-content\/uploads\/2023\/06\/zuzana_schwarz.jpg\" width=\"356\" height=\"365\" srcset=\"https:\/\/medbee.org\/s\/wp-content\/uploads\/2023\/06\/zuzana_schwarz.jpg 356w, https:\/\/medbee.org\/s\/wp-content\/uploads\/2023\/06\/zuzana_schwarz-293x300.jpg 293w\" sizes=\"(max-width: 356px) 100vw, 356px\" alt=\"\" \t\tclass=\"so-widget-image\"\/>\n\t<\/div>\n\n<\/div><\/div><\/div><div id=\"panel-356-2-2-1\" class=\"so-panel widget widget_sow-editor panel-last-child\" data-index=\"13\" ><div\n\t\t\t\n\t\t\tclass=\"so-widget-sow-editor so-widget-sow-editor-base\"\n\t\t\t\n\t\t>\n<div class=\"siteorigin-widget-tinymce textwidget\">\n\t<p>Zuzana Schwarz<br \/>\nContent Management<\/p>\n<\/div>\n<\/div><\/div><\/div><\/div><\/div><div id=\"pg-356-3\"  class=\"panel-grid panel-has-style\" ><div class=\"panel-row-style panel-row-style-for-356-3\" ><div id=\"pgc-356-3-0\"  class=\"panel-grid-cell\" ><div id=\"panel-356-3-0-0\" class=\"so-panel widget widget_sow-image panel-first-child\" data-index=\"14\" ><div class=\"circle-image panel-widget-style panel-widget-style-for-356-3-0-0\" ><div\n\t\t\t\n\t\t\tclass=\"so-widget-sow-image so-widget-sow-image-default-a258e6bfa2d8-356\"\n\t\t\t\n\t\t>\n<div class=\"sow-image-container\">\n\t\t<img \n\tsrc=\"https:\/\/medbee.org\/s\/wp-content\/uploads\/2024\/05\/caro-removebg-preview-2.png\" width=\"500\" height=\"500\" srcset=\"https:\/\/medbee.org\/s\/wp-content\/uploads\/2024\/05\/caro-removebg-preview-2.png 500w, https:\/\/medbee.org\/s\/wp-content\/uploads\/2024\/05\/caro-removebg-preview-2-300x300.png 300w, https:\/\/medbee.org\/s\/wp-content\/uploads\/2024\/05\/caro-removebg-preview-2-150x150.png 150w\" sizes=\"(max-width: 500px) 100vw, 500px\" title=\"caro-removebg-preview\" alt=\"\" \t\tclass=\"so-widget-image\"\/>\n\t<\/div>\n\n<\/div><\/div><\/div><div id=\"panel-356-3-0-1\" class=\"so-panel widget widget_sow-editor panel-last-child\" data-index=\"15\" ><div\n\t\t\t\n\t\t\tclass=\"so-widget-sow-editor so-widget-sow-editor-base\"\n\t\t\t\n\t\t>\n<div class=\"siteorigin-widget-tinymce textwidget\">\n\t<p>Caroline Ortner<br \/>\nContent Produktion<\/p>\n<\/div>\n<\/div><\/div><\/div><div id=\"pgc-356-3-1\"  class=\"panel-grid-cell\" ><div id=\"panel-356-3-1-0\" class=\"so-panel widget widget_sow-image panel-first-child\" data-index=\"16\" ><div class=\"circle-image panel-widget-style panel-widget-style-for-356-3-1-0\" ><div\n\t\t\t\n\t\t\tclass=\"so-widget-sow-image so-widget-sow-image-default-a258e6bfa2d8-356\"\n\t\t\t\n\t\t>\n<div class=\"sow-image-container\">\n\t\t<img \n\tsrc=\"https:\/\/medbee.org\/s\/wp-content\/uploads\/2025\/01\/moritz.png\" width=\"400\" height=\"400\" srcset=\"https:\/\/medbee.org\/s\/wp-content\/uploads\/2025\/01\/moritz.png 400w, https:\/\/medbee.org\/s\/wp-content\/uploads\/2025\/01\/moritz-300x300.png 300w, https:\/\/medbee.org\/s\/wp-content\/uploads\/2025\/01\/moritz-150x150.png 150w\" sizes=\"(max-width: 400px) 100vw, 400px\" alt=\"\" \t\tclass=\"so-widget-image\"\/>\n\t<\/div>\n\n<\/div><\/div><\/div><div id=\"panel-356-3-1-1\" class=\"so-panel widget widget_sow-editor panel-last-child\" data-index=\"17\" ><div\n\t\t\t\n\t\t\tclass=\"so-widget-sow-editor so-widget-sow-editor-base\"\n\t\t\t\n\t\t>\n<div class=\"siteorigin-widget-tinymce textwidget\">\n\t<p>Moritz Wieser<br \/>\nContent Produktion<\/p>\n<\/div>\n<\/div><\/div><\/div><div id=\"pgc-356-3-2\"  class=\"panel-grid-cell\" ><div id=\"panel-356-3-2-0\" class=\"so-panel widget widget_sow-image panel-first-child\" data-index=\"18\" ><div class=\"circle-image panel-widget-style panel-widget-style-for-356-3-2-0\" ><div\n\t\t\t\n\t\t\tclass=\"so-widget-sow-image so-widget-sow-image-default-a258e6bfa2d8-356\"\n\t\t\t\n\t\t>\n<div class=\"sow-image-container\">\n\t\t<img \n\tsrc=\"https:\/\/medbee.org\/s\/wp-content\/uploads\/2024\/05\/Foto_Magdalena-removebg-preview.png\" width=\"500\" height=\"500\" srcset=\"https:\/\/medbee.org\/s\/wp-content\/uploads\/2024\/05\/Foto_Magdalena-removebg-preview.png 500w, https:\/\/medbee.org\/s\/wp-content\/uploads\/2024\/05\/Foto_Magdalena-removebg-preview-300x300.png 300w, https:\/\/medbee.org\/s\/wp-content\/uploads\/2024\/05\/Foto_Magdalena-removebg-preview-150x150.png 150w\" sizes=\"(max-width: 500px) 100vw, 500px\" alt=\"\" \t\tclass=\"so-widget-image\"\/>\n\t<\/div>\n\n<\/div><\/div><\/div><div id=\"panel-356-3-2-1\" class=\"so-panel widget widget_sow-editor panel-last-child\" data-index=\"19\" ><div\n\t\t\t\n\t\t\tclass=\"so-widget-sow-editor so-widget-sow-editor-base\"\n\t\t\t\n\t\t>\n<div class=\"siteorigin-widget-tinymce textwidget\">\n\t<p>Magdalena W\u00f6hry<br \/>\nContent Projekt Management<\/p>\n<\/div>\n<\/div><\/div><\/div><\/div><\/div><div id=\"pg-356-4\"  class=\"panel-grid panel-has-style\" ><div class=\"panel-row-style panel-row-style-for-356-4\" ><div id=\"pgc-356-4-0\"  class=\"panel-grid-cell\" ><div id=\"panel-356-4-0-0\" class=\"so-panel widget widget_sow-image panel-first-child\" data-index=\"20\" ><div class=\"circle-image panel-widget-style panel-widget-style-for-356-4-0-0\" ><div\n\t\t\t\n\t\t\tclass=\"so-widget-sow-image so-widget-sow-image-default-a258e6bfa2d8-356\"\n\t\t\t\n\t\t>\n<div class=\"sow-image-container\">\n\t\t<img \n\tsrc=\"https:\/\/medbee.org\/s\/wp-content\/uploads\/2024\/05\/syslo-removebg-preview-1.png\" width=\"400\" height=\"400\" srcset=\"https:\/\/medbee.org\/s\/wp-content\/uploads\/2024\/05\/syslo-removebg-preview-1.png 400w, https:\/\/medbee.org\/s\/wp-content\/uploads\/2024\/05\/syslo-removebg-preview-1-300x300.png 300w, https:\/\/medbee.org\/s\/wp-content\/uploads\/2024\/05\/syslo-removebg-preview-1-150x150.png 150w\" sizes=\"(max-width: 400px) 100vw, 400px\" title=\"syslo-removebg-preview (1)\" alt=\"\" \t\tclass=\"so-widget-image\"\/>\n\t<\/div>\n\n<\/div><\/div><\/div><div id=\"panel-356-4-0-1\" class=\"so-panel widget widget_sow-editor panel-last-child\" data-index=\"21\" ><div\n\t\t\t\n\t\t\tclass=\"so-widget-sow-editor so-widget-sow-editor-base\"\n\t\t\t\n\t\t>\n<div class=\"siteorigin-widget-tinymce textwidget\">\n\t<p>Johannes Syslo<br \/>\nMarketing Management<\/p>\n<\/div>\n<\/div><\/div><\/div><div id=\"pgc-356-4-1\"  class=\"panel-grid-cell\" ><div id=\"panel-356-4-1-0\" class=\"so-panel widget widget_sow-image panel-first-child\" data-index=\"22\" ><div class=\"circle-image panel-widget-style panel-widget-style-for-356-4-1-0\" ><div\n\t\t\t\n\t\t\tclass=\"so-widget-sow-image so-widget-sow-image-default-a258e6bfa2d8-356\"\n\t\t\t\n\t\t>\n<div class=\"sow-image-container\">\n\t\t<img \n\tsrc=\"https:\/\/medbee.org\/s\/wp-content\/uploads\/2023\/06\/dorian_gaillot.jpeg\" width=\"356\" height=\"365\" srcset=\"https:\/\/medbee.org\/s\/wp-content\/uploads\/2023\/06\/dorian_gaillot.jpeg 356w, https:\/\/medbee.org\/s\/wp-content\/uploads\/2023\/06\/dorian_gaillot-293x300.jpeg 293w\" sizes=\"(max-width: 356px) 100vw, 356px\" alt=\"\" \t\tclass=\"so-widget-image\"\/>\n\t<\/div>\n\n<\/div><\/div><\/div><div id=\"panel-356-4-1-1\" class=\"so-panel widget widget_sow-editor panel-last-child\" data-index=\"23\" ><div\n\t\t\t\n\t\t\tclass=\"so-widget-sow-editor so-widget-sow-editor-base\"\n\t\t\t\n\t\t>\n<div class=\"siteorigin-widget-tinymce textwidget\">\n\t<p>Dorian Gaillot<br \/>\nFrontend Entwicklung<\/p>\n<\/div>\n<\/div><\/div><\/div><div id=\"pgc-356-4-2\"  class=\"panel-grid-cell\" ><div id=\"panel-356-4-2-0\" class=\"so-panel widget widget_sow-image panel-first-child\" data-index=\"24\" ><div class=\"circle-image panel-widget-style panel-widget-style-for-356-4-2-0\" ><div\n\t\t\t\n\t\t\tclass=\"so-widget-sow-image so-widget-sow-image-default-a258e6bfa2d8-356\"\n\t\t\t\n\t\t>\n<div class=\"sow-image-container\">\n\t\t<img \n\tsrc=\"https:\/\/medbee.org\/s\/wp-content\/uploads\/2024\/05\/ganslandt-removebg-preview.png\" width=\"500\" height=\"500\" srcset=\"https:\/\/medbee.org\/s\/wp-content\/uploads\/2024\/05\/ganslandt-removebg-preview.png 500w, https:\/\/medbee.org\/s\/wp-content\/uploads\/2024\/05\/ganslandt-removebg-preview-300x300.png 300w, https:\/\/medbee.org\/s\/wp-content\/uploads\/2024\/05\/ganslandt-removebg-preview-150x150.png 150w\" sizes=\"(max-width: 500px) 100vw, 500px\" alt=\"\" \t\tclass=\"so-widget-image\"\/>\n\t<\/div>\n\n<\/div><\/div><\/div><div id=\"panel-356-4-2-1\" class=\"so-panel widget widget_sow-editor panel-last-child\" data-index=\"25\" ><div\n\t\t\t\n\t\t\tclass=\"so-widget-sow-editor so-widget-sow-editor-base\"\n\t\t\t\n\t\t>\n<div class=\"siteorigin-widget-tinymce textwidget\">\n\t<p>Bj\u00f6rn Ganslandt<br \/>\nFrontend Entwicklung<\/p>\n<\/div>\n<\/div><\/div><\/div><\/div><\/div><div id=\"pg-356-5\"  class=\"panel-grid panel-has-style\" ><div class=\"panel-row-style panel-row-style-for-356-5\" ><div id=\"pgc-356-5-0\"  class=\"panel-grid-cell\" ><div id=\"panel-356-5-0-0\" class=\"so-panel widget widget_sow-image panel-first-child\" data-index=\"26\" ><div class=\"circle-image panel-widget-style panel-widget-style-for-356-5-0-0\" ><div\n\t\t\t\n\t\t\tclass=\"so-widget-sow-image so-widget-sow-image-default-a258e6bfa2d8-356\"\n\t\t\t\n\t\t>\n<div class=\"sow-image-container\">\n\t\t<img \n\tsrc=\"https:\/\/medbee.org\/s\/wp-content\/uploads\/2025\/10\/Nataliia_Veselska.png\" width=\"400\" height=\"400\" srcset=\"https:\/\/medbee.org\/s\/wp-content\/uploads\/2025\/10\/Nataliia_Veselska.png 400w, https:\/\/medbee.org\/s\/wp-content\/uploads\/2025\/10\/Nataliia_Veselska-300x300.png 300w, https:\/\/medbee.org\/s\/wp-content\/uploads\/2025\/10\/Nataliia_Veselska-150x150.png 150w\" sizes=\"(max-width: 400px) 100vw, 400px\" alt=\"\" \t\tclass=\"so-widget-image\"\/>\n\t<\/div>\n\n<\/div><\/div><\/div><div id=\"panel-356-5-0-1\" class=\"so-panel widget widget_sow-editor panel-last-child\" data-index=\"27\" ><div\n\t\t\t\n\t\t\tclass=\"so-widget-sow-editor so-widget-sow-editor-base\"\n\t\t\t\n\t\t>\n<div class=\"siteorigin-widget-tinymce textwidget\">\n\t<p>Nataliia Veselska<br \/>\nBackend Entwicklung<\/p>\n<\/div>\n<\/div><\/div><\/div><div id=\"pgc-356-5-1\"  class=\"panel-grid-cell\" ><div id=\"panel-356-5-1-0\" class=\"so-panel widget widget_sow-image panel-first-child\" data-index=\"28\" ><div class=\"circle-image panel-widget-style panel-widget-style-for-356-5-1-0\" ><div\n\t\t\t\n\t\t\tclass=\"so-widget-sow-image so-widget-sow-image-default-a258e6bfa2d8-356\"\n\t\t\t\n\t\t>\n<div class=\"sow-image-container\">\n\t\t<img \n\tsrc=\"https:\/\/medbee.org\/s\/wp-content\/uploads\/2025\/10\/Mykola_Sakhno.png\" width=\"400\" height=\"400\" srcset=\"https:\/\/medbee.org\/s\/wp-content\/uploads\/2025\/10\/Mykola_Sakhno.png 400w, https:\/\/medbee.org\/s\/wp-content\/uploads\/2025\/10\/Mykola_Sakhno-300x300.png 300w, https:\/\/medbee.org\/s\/wp-content\/uploads\/2025\/10\/Mykola_Sakhno-150x150.png 150w\" sizes=\"(max-width: 400px) 100vw, 400px\" alt=\"\" \t\tclass=\"so-widget-image\"\/>\n\t<\/div>\n\n<\/div><\/div><\/div><div id=\"panel-356-5-1-1\" class=\"so-panel widget widget_sow-editor panel-last-child\" data-index=\"29\" ><div\n\t\t\t\n\t\t\tclass=\"so-widget-sow-editor so-widget-sow-editor-base\"\n\t\t\t\n\t\t>\n<div class=\"siteorigin-widget-tinymce textwidget\">\n\t<p>Mykola Sakhno<br \/>\nBackend Entwicklung<\/p>\n<\/div>\n<\/div><\/div><\/div><div id=\"pgc-356-5-2\"  class=\"panel-grid-cell\" ><div id=\"panel-356-5-2-0\" class=\"so-panel widget widget_sow-image panel-first-child\" data-index=\"30\" ><div class=\"circle-image panel-widget-style panel-widget-style-for-356-5-2-0\" ><div\n\t\t\t\n\t\t\tclass=\"so-widget-sow-image so-widget-sow-image-default-a258e6bfa2d8-356\"\n\t\t\t\n\t\t>\n<div class=\"sow-image-container\">\n\t\t<img \n\tsrc=\"https:\/\/medbee.org\/s\/wp-content\/uploads\/2024\/09\/Patrik.png\" width=\"1096\" height=\"1096\" srcset=\"https:\/\/medbee.org\/s\/wp-content\/uploads\/2024\/09\/Patrik.png 1096w, https:\/\/medbee.org\/s\/wp-content\/uploads\/2024\/09\/Patrik-300x300.png 300w, https:\/\/medbee.org\/s\/wp-content\/uploads\/2024\/09\/Patrik-1024x1024.png 1024w, https:\/\/medbee.org\/s\/wp-content\/uploads\/2024\/09\/Patrik-150x150.png 150w, https:\/\/medbee.org\/s\/wp-content\/uploads\/2024\/09\/Patrik-768x768.png 768w\" sizes=\"(max-width: 1096px) 100vw, 1096px\" alt=\"\" \t\tclass=\"so-widget-image\"\/>\n\t<\/div>\n\n<\/div><\/div><\/div><div id=\"panel-356-5-2-1\" class=\"so-panel widget widget_sow-editor panel-last-child\" data-index=\"31\" ><div\n\t\t\t\n\t\t\tclass=\"so-widget-sow-editor so-widget-sow-editor-base\"\n\t\t\t\n\t\t>\n<div class=\"siteorigin-widget-tinymce textwidget\">\n\t<p>Patrick Kladek<br \/>\niOS Entwicklung<\/p>\n<\/div>\n<\/div><\/div><\/div><\/div><\/div><div id=\"pg-356-6\"  class=\"panel-grid panel-has-style\" ><div class=\"panel-row-style panel-row-style-for-356-6\" ><div id=\"pgc-356-6-0\"  class=\"panel-grid-cell\" ><div id=\"panel-356-6-0-0\" class=\"so-panel widget widget_sow-image panel-first-child\" data-index=\"32\" ><div class=\"circle-image panel-widget-style panel-widget-style-for-356-6-0-0\" ><div\n\t\t\t\n\t\t\tclass=\"so-widget-sow-image so-widget-sow-image-default-a258e6bfa2d8-356\"\n\t\t\t\n\t\t>\n<div class=\"sow-image-container\">\n\t\t<img \n\tsrc=\"https:\/\/medbee.org\/s\/wp-content\/uploads\/2025\/10\/Lisa_Leisch.png\" width=\"400\" height=\"400\" srcset=\"https:\/\/medbee.org\/s\/wp-content\/uploads\/2025\/10\/Lisa_Leisch.png 400w, https:\/\/medbee.org\/s\/wp-content\/uploads\/2025\/10\/Lisa_Leisch-300x300.png 300w, https:\/\/medbee.org\/s\/wp-content\/uploads\/2025\/10\/Lisa_Leisch-150x150.png 150w\" sizes=\"(max-width: 400px) 100vw, 400px\" alt=\"\" \t\tclass=\"so-widget-image\"\/>\n\t<\/div>\n\n<\/div><\/div><\/div><div id=\"panel-356-6-0-1\" class=\"so-panel widget widget_sow-editor panel-last-child\" data-index=\"33\" ><div\n\t\t\t\n\t\t\tclass=\"so-widget-sow-editor so-widget-sow-editor-base\"\n\t\t\t\n\t\t>\n<div class=\"siteorigin-widget-tinymce textwidget\">\n\t<p>Lisa Leisch<br \/>\nUser Support<\/p>\n<\/div>\n<\/div><\/div><\/div><div id=\"pgc-356-6-1\"  class=\"panel-grid-cell\" ><div id=\"panel-356-6-1-0\" class=\"so-panel widget widget_sow-image panel-first-child\" data-index=\"34\" ><div class=\"circle-image panel-widget-style panel-widget-style-for-356-6-1-0\" ><div\n\t\t\t\n\t\t\tclass=\"so-widget-sow-image so-widget-sow-image-default-a258e6bfa2d8-356\"\n\t\t\t\n\t\t>\n<div class=\"sow-image-container\">\n\t\t<img \n\tsrc=\"https:\/\/medbee.org\/s\/wp-content\/uploads\/2024\/12\/pablo_white.png\" width=\"400\" height=\"400\" srcset=\"https:\/\/medbee.org\/s\/wp-content\/uploads\/2024\/12\/pablo_white.png 400w, https:\/\/medbee.org\/s\/wp-content\/uploads\/2024\/12\/pablo_white-300x300.png 300w, https:\/\/medbee.org\/s\/wp-content\/uploads\/2024\/12\/pablo_white-150x150.png 150w\" sizes=\"(max-width: 400px) 100vw, 400px\" alt=\"\" \t\tclass=\"so-widget-image\"\/>\n\t<\/div>\n\n<\/div><\/div><\/div><div id=\"panel-356-6-1-1\" class=\"so-panel widget widget_sow-editor panel-last-child\" data-index=\"35\" ><div\n\t\t\t\n\t\t\tclass=\"so-widget-sow-editor so-widget-sow-editor-base\"\n\t\t\t\n\t\t>\n<div class=\"siteorigin-widget-tinymce textwidget\">\n\t<p>Pablo Kaspar-Oleschko<br \/>\nKundenbetreuung<\/p>\n<\/div>\n<\/div><\/div><\/div><div id=\"pgc-356-6-2\"  class=\"panel-grid-cell\" ><div id=\"panel-356-6-2-0\" class=\"so-panel widget widget_sow-image panel-first-child\" data-index=\"36\" ><div class=\"circle-image panel-widget-style panel-widget-style-for-356-6-2-0\" ><div\n\t\t\t\n\t\t\tclass=\"so-widget-sow-image so-widget-sow-image-default-a258e6bfa2d8-356\"\n\t\t\t\n\t\t>\n<div class=\"sow-image-container\">\n\t\t<img \n\tsrc=\"https:\/\/medbee.org\/s\/wp-content\/uploads\/2026\/02\/elisabeth.png\" width=\"400\" height=\"400\" srcset=\"https:\/\/medbee.org\/s\/wp-content\/uploads\/2026\/02\/elisabeth.png 400w, https:\/\/medbee.org\/s\/wp-content\/uploads\/2026\/02\/elisabeth-300x300.png 300w, https:\/\/medbee.org\/s\/wp-content\/uploads\/2026\/02\/elisabeth-150x150.png 150w\" sizes=\"(max-width: 400px) 100vw, 400px\" alt=\"\" \t\tclass=\"so-widget-image\"\/>\n\t<\/div>\n\n<\/div><\/div><\/div><div id=\"panel-356-6-2-1\" class=\"so-panel widget widget_sow-editor panel-last-child\" data-index=\"37\" ><div\n\t\t\t\n\t\t\tclass=\"so-widget-sow-editor so-widget-sow-editor-base\"\n\t\t\t\n\t\t>\n<div class=\"siteorigin-widget-tinymce textwidget\">\n\t<p>Elisabeth Mayer<br \/>\nContent Produktion<\/p>\n<\/div>\n<\/div><\/div><\/div><\/div><\/div><\/div>","protected":false},"excerpt":{"rendered":"<p>Wir sind getragen von der Vision, dass \u00c4rztinnen und \u00c4rzte weltweit \u00fcber medbee die beste medizinische Information unmittelbar am Point of Care verf\u00fcgbar haben. Andreas Strouhal Gr\u00fcnder Leitung Content Alexander Barta Gesch\u00e4ftsf\u00fchrung Wolfgang Hofmeister Kundenbetreuung<\/p>\n","protected":false},"author":2,"featured_media":0,"parent":0,"menu_order":0,"comment_status":"closed","ping_status":"closed","template":"","meta":{"footnotes":""},"class_list":["post-356","page","type-page","status-publish","hentry","post"],"_links":{"self":[{"href":"https:\/\/medbee.org\/s\/wp-json\/wp\/v2\/pages\/356","targetHints":{"allow":["GET"]}}],"collection":[{"href":"https:\/\/medbee.org\/s\/wp-json\/wp\/v2\/pages"}],"about":[{"href":"https:\/\/medbee.org\/s\/wp-json\/wp\/v2\/types\/page"}],"author":[{"embeddable":true,"href":"https:\/\/medbee.org\/s\/wp-json\/wp\/v2\/users\/2"}],"replies":[{"embeddable":true,"href":"https:\/\/medbee.org\/s\/wp-json\/wp\/v2\/comments?post=356"}],"version-history":[{"count":208,"href":"https:\/\/medbee.org\/s\/wp-json\/wp\/v2\/pages\/356\/revisions"}],"predecessor-version":[{"id":5514,"href":"https:\/\/medbee.org\/s\/wp-json\/wp\/v2\/pages\/356\/revisions\/5514"}],"wp:attachment":[{"href":"https:\/\/medbee.org\/s\/wp-json\/wp\/v2\/media?parent=356"}],"curies":[{"name":"wp","href":"https:\/\/api.w.org\/{rel}","templated":true}]}}